{"id":3036,"date":"2019-09-20T04:41:00","date_gmt":"2019-09-20T04:41:00","guid":{"rendered":"http:reservapatrocinio.com\/?page_id=3036"},"modified":"2019-09-20T09:02:45","modified_gmt":"2019-09-20T09:02:45","slug":"reserva-natural-en-guatemala","status":"publish","type":"page","link":"https:\/\/reservapatrocinio.com\/en_us\/reserva-natural-en-guatemala\/","title":{"rendered":"Reviews"},"content":{"rendered":"<div data-elementor-type=\"wp-post\" data-elementor-id=\"3036\" class=\"elementor elementor-3036\" data-elementor-settings=\"[]\">\n\t\t\t\t\t\t<div class=\"elementor-inner\">\n\t\t\t\t\t\t\t<div class=\"elementor-section-wrap\">\n\t\t\t\t\t\t\t<section class=\"elementor-section elementor-top-section elementor-element elementor-element-6730fb9 elementor-section-boxed elementor-section-height-default elementor-section-height-default\" data-id=\"6730fb9\" data-element_type=\"section\">\n\t\t\t\t\t\t<div class=\"elementor-container elementor-column-gap-default\">\n\t\t\t\t\t\t\t<div class=\"elementor-row\">\n\t\t\t\t\t<div class=\"elementor-column elementor-col-100 elementor-top-column elementor-element elementor-element-21358ca\" data-id=\"21358ca\" data-element_type=\"column\">\n\t\t\t<div class=\"elementor-column-wrap elementor-element-populated\">\n\t\t\t\t\t\t\t<div class=\"elementor-widget-wrap\">\n\t\t\t\t\t\t<div class=\"elementor-element elementor-element-1730ac5 elementor-widget elementor-widget-text-editor\" data-id=\"1730ac5\" data-element_type=\"widget\" data-widget_type=\"text-editor.default\">\n\t\t\t\t<div class=\"elementor-widget-container\">\n\t\t\t\t\t\t\t\t<div class=\"elementor-text-editor elementor-clearfix\">\n\t\t\t\t\t<p>Dejanos tu Comentario<\/p>\n<p>Staying at Patrocinio Reserve after a long day of adventures in connection with nature is an unforgettable experience, resting in a cozy cabin in the woods while the song of the crickets at night numbs you ... Getting up with the sun, Listen to the music performed by an infinity of birds that will make you wake up rested and renewed for a new day of adventure.<\/p>\t\t\t\t\t<\/div>\n\t\t\t\t\t\t<\/div>\n\t\t\t\t<\/div>\n\t\t\t\t\t\t<\/div>\n\t\t\t\t\t<\/div>\n\t\t<\/div>\n\t\t\t\t\t\t\t\t<\/div>\n\t\t\t\t\t<\/div>\n\t\t<\/section>\n\t\t\t\t\t\t<\/div>\n\t\t\t\t\t\t<\/div>\n\t\t\t\t\t<\/div>","protected":false},"excerpt":{"rendered":"<p>Dejanos tu Comentario Hospedarse en la Reserva Natural Privada Patrocinio, despu\u00e9s de un largo d\u00eda de aventuras en conexi\u00f3n con la naturaleza es una experiencia inolvidable, descansar en una acogedora caba\u00f1a en el bosque mientras el canto de los grillos [&hellip;]<\/p>","protected":false},"author":1,"featured_media":2166,"parent":0,"menu_order":0,"comment_status":"open","ping_status":"closed","template":"","meta":{"_joinchat":[]},"yoast_head":"<!-- This site is optimized with the Yoast SEO plugin v21.0 - https:\/\/yoast.com\/wordpress\/plugins\/seo\/ -->\n<title>Reviews - .:: Reserva Patrocionio::. Reserva natural en guatemala hoteles<\/title>\n<meta name=\"description\" content=\"Reserva natural de guatemala, Hopedaje, hoteles en guatemala, Descanso, Lugares increibles en guatemala, mirador de aves, cafe de guatemala, hospeje natural\" \/>\n<meta name=\"robots\" content=\"index, follow, max-snippet:-1, max-image-preview:large, max-video-preview:-1\" \/>\n<link rel=\"canonical\" href=\"https:\/\/reservapatrocinio.com\/en_us\/reserva-natural-en-guatemala\/\" \/>\n<meta property=\"og:locale\" content=\"en_US\" \/>\n<meta property=\"og:type\" content=\"article\" \/>\n<meta property=\"og:title\" content=\"Reviews - .:: Reserva Patrocionio::. Reserva natural en guatemala hoteles\" \/>\n<meta property=\"og:description\" content=\"Reserva natural de guatemala, Hopedaje, hoteles en guatemala, Descanso, Lugares increibles en guatemala, mirador de aves, cafe de guatemala, hospeje natural\" \/>\n<meta property=\"og:url\" content=\"https:\/\/reservapatrocinio.com\/en_us\/reserva-natural-en-guatemala\/\" \/>\n<meta property=\"og:site_name\" content=\".:: Reserva Patrocionio::.\" \/>\n<meta property=\"article:publisher\" content=\"https:\/\/www.facebook.com\/pages\/Reserva-Natural-Patrocinio\/273038459530904\" \/>\n<meta property=\"article:modified_time\" content=\"2019-09-20T09:02:45+00:00\" \/>\n<meta property=\"og:image\" content=\"https:\/\/reservapatrocinio.com\/wp-content\/uploads\/2019\/09\/MG_0903.png\" \/>\n\t<meta property=\"og:image:width\" content=\"1600\" \/>\n\t<meta property=\"og:image:height\" content=\"600\" \/>\n\t<meta property=\"og:image:type\" content=\"image\/png\" \/>\n<meta name=\"twitter:card\" content=\"summary_large_image\" \/>\n<script type=\"application\/ld+json\" class=\"yoast-schema-graph\">{\"@context\":\"https:\/\/schema.org\",\"@graph\":[{\"@type\":\"WebPage\",\"@id\":\"https:\/\/reservapatrocinio.com\/en_us\/reserva-natural-en-guatemala\/\",\"url\":\"https:\/\/reservapatrocinio.com\/en_us\/reserva-natural-en-guatemala\/\",\"name\":\"Reviews - .:: Reserva Patrocionio::. Reserva natural en guatemala hoteles\",\"isPartOf\":{\"@id\":\"https:\/\/reservapatrocinio.com\/#website\"},\"datePublished\":\"2019-09-20T04:41:00+00:00\",\"dateModified\":\"2019-09-20T09:02:45+00:00\",\"description\":\"Reserva natural de guatemala, Hopedaje, hoteles en guatemala, Descanso, Lugares increibles en guatemala, mirador de aves, cafe de guatemala, hospeje natural\",\"breadcrumb\":{\"@id\":\"https:\/\/reservapatrocinio.com\/en_us\/reserva-natural-en-guatemala\/#breadcrumb\"},\"inLanguage\":\"en-US\",\"potentialAction\":[{\"@type\":\"ReadAction\",\"target\":[\"https:\/\/reservapatrocinio.com\/en_us\/reserva-natural-en-guatemala\/\"]}]},{\"@type\":\"BreadcrumbList\",\"@id\":\"https:\/\/reservapatrocinio.com\/en_us\/reserva-natural-en-guatemala\/#breadcrumb\",\"itemListElement\":[{\"@type\":\"ListItem\",\"position\":1,\"name\":\"Portada\",\"item\":\"https:\/\/reservapatrocinio.com\/\"},{\"@type\":\"ListItem\",\"position\":2,\"name\":\"Reviews\"}]},{\"@type\":\"WebSite\",\"@id\":\"https:\/\/reservapatrocinio.com\/#website\",\"url\":\"https:\/\/reservapatrocinio.com\/\",\"name\":\".:: Reserva Patrocionio::.\",\"description\":\".:: Reserva Natural Hospedaje ::.\",\"publisher\":{\"@id\":\"https:\/\/reservapatrocinio.com\/#organization\"},\"potentialAction\":[{\"@type\":\"SearchAction\",\"target\":{\"@type\":\"EntryPoint\",\"urlTemplate\":\"https:\/\/reservapatrocinio.com\/?s={search_term_string}\"},\"query-input\":\"required name=search_term_string\"}],\"inLanguage\":\"en-US\"},{\"@type\":\"Organization\",\"@id\":\"https:\/\/reservapatrocinio.com\/#organization\",\"name\":\"Reserva natural Patrocionio\",\"url\":\"https:\/\/reservapatrocinio.com\/\",\"logo\":{\"@type\":\"ImageObject\",\"inLanguage\":\"en-US\",\"@id\":\"https:\/\/reservapatrocinio.com\/#\/schema\/logo\/image\/\",\"url\":\"https:\/\/reservapatrocinio.com\/wp-content\/uploads\/2019\/09\/logo.png\",\"contentUrl\":\"https:\/\/reservapatrocinio.com\/wp-content\/uploads\/2019\/09\/logo.png\",\"width\":559,\"height\":236,\"caption\":\"Reserva natural Patrocionio\"},\"image\":{\"@id\":\"https:\/\/reservapatrocinio.com\/#\/schema\/logo\/image\/\"},\"sameAs\":[\"https:\/\/www.facebook.com\/pages\/Reserva-Natural-Patrocinio\/273038459530904\",\"https:\/\/www.instagram.com\/explore\/locations\/1027334485\/reserva-natural-patrocinio\/\"]}]}<\/script>\n<!-- \/ Yoast SEO plugin. -->","yoast_head_json":{"title":"Reviews - .:: Reserva Patrocionio::. Reserva natural en guatemala hoteles","description":"Reserva natural de guatemala, Hopedaje, hoteles en guatemala, Descanso, Lugares increibles en guatemala, mirador de aves, cafe de guatemala, hospeje natural","robots":{"index":"index","follow":"follow","max-snippet":"max-snippet:-1","max-image-preview":"max-image-preview:large","max-video-preview":"max-video-preview:-1"},"canonical":"https:\/\/reservapatrocinio.com\/en_us\/reserva-natural-en-guatemala\/","og_locale":"en_US","og_type":"article","og_title":"Reviews - .:: Reserva Patrocionio::. Reserva natural en guatemala hoteles","og_description":"Reserva natural de guatemala, Hopedaje, hoteles en guatemala, Descanso, Lugares increibles en guatemala, mirador de aves, cafe de guatemala, hospeje natural","og_url":"https:\/\/reservapatrocinio.com\/en_us\/reserva-natural-en-guatemala\/","og_site_name":".:: Reserva Patrocionio::.","article_publisher":"https:\/\/www.facebook.com\/pages\/Reserva-Natural-Patrocinio\/273038459530904","article_modified_time":"2019-09-20T09:02:45+00:00","og_image":[{"width":1600,"height":600,"url":"https:\/\/reservapatrocinio.com\/wp-content\/uploads\/2019\/09\/MG_0903.png","type":"image\/png"}],"twitter_card":"summary_large_image","schema":{"@context":"https:\/\/schema.org","@graph":[{"@type":"WebPage","@id":"https:\/\/reservapatrocinio.com\/en_us\/reserva-natural-en-guatemala\/","url":"https:\/\/reservapatrocinio.com\/en_us\/reserva-natural-en-guatemala\/","name":"Reviews - .:: Reserva Patrocionio::. Reserva natural en guatemala hoteles","isPartOf":{"@id":"https:\/\/reservapatrocinio.com\/#website"},"datePublished":"2019-09-20T04:41:00+00:00","dateModified":"2019-09-20T09:02:45+00:00","description":"Reserva natural de guatemala, Hopedaje, hoteles en guatemala, Descanso, Lugares increibles en guatemala, mirador de aves, cafe de guatemala, hospeje natural","breadcrumb":{"@id":"https:\/\/reservapatrocinio.com\/en_us\/reserva-natural-en-guatemala\/#breadcrumb"},"inLanguage":"en-US","potentialAction":[{"@type":"ReadAction","target":["https:\/\/reservapatrocinio.com\/en_us\/reserva-natural-en-guatemala\/"]}]},{"@type":"BreadcrumbList","@id":"https:\/\/reservapatrocinio.com\/en_us\/reserva-natural-en-guatemala\/#breadcrumb","itemListElement":[{"@type":"ListItem","position":1,"name":"Portada","item":"https:\/\/reservapatrocinio.com\/"},{"@type":"ListItem","position":2,"name":"Reviews"}]},{"@type":"WebSite","@id":"https:\/\/reservapatrocinio.com\/#website","url":"https:\/\/reservapatrocinio.com\/","name":".:: Reserva Patrocionio::.","description":".:: Reserva Natural Hospedaje ::.","publisher":{"@id":"https:\/\/reservapatrocinio.com\/#organization"},"potentialAction":[{"@type":"SearchAction","target":{"@type":"EntryPoint","urlTemplate":"https:\/\/reservapatrocinio.com\/?s={search_term_string}"},"query-input":"required name=search_term_string"}],"inLanguage":"en-US"},{"@type":"Organization","@id":"https:\/\/reservapatrocinio.com\/#organization","name":"Reserva natural Patrocionio","url":"https:\/\/reservapatrocinio.com\/","logo":{"@type":"ImageObject","inLanguage":"en-US","@id":"https:\/\/reservapatrocinio.com\/#\/schema\/logo\/image\/","url":"https:\/\/reservapatrocinio.com\/wp-content\/uploads\/2019\/09\/logo.png","contentUrl":"https:\/\/reservapatrocinio.com\/wp-content\/uploads\/2019\/09\/logo.png","width":559,"height":236,"caption":"Reserva natural Patrocionio"},"image":{"@id":"https:\/\/reservapatrocinio.com\/#\/schema\/logo\/image\/"},"sameAs":["https:\/\/www.facebook.com\/pages\/Reserva-Natural-Patrocinio\/273038459530904","https:\/\/www.instagram.com\/explore\/locations\/1027334485\/reserva-natural-patrocinio\/"]}]}},"_links":{"self":[{"href":"https:\/\/reservapatrocinio.com\/en_us\/wp-json\/wp\/v2\/pages\/3036"}],"collection":[{"href":"https:\/\/reservapatrocinio.com\/en_us\/wp-json\/wp\/v2\/pages"}],"about":[{"href":"https:\/\/reservapatrocinio.com\/en_us\/wp-json\/wp\/v2\/types\/page"}],"author":[{"embeddable":true,"href":"https:\/\/reservapatrocinio.com\/en_us\/wp-json\/wp\/v2\/users\/1"}],"replies":[{"embeddable":true,"href":"https:\/\/reservapatrocinio.com\/en_us\/wp-json\/wp\/v2\/comments?post=3036"}],"version-history":[{"count":3,"href":"https:\/\/reservapatrocinio.com\/en_us\/wp-json\/wp\/v2\/pages\/3036\/revisions"}],"predecessor-version":[{"id":3082,"href":"https:\/\/reservapatrocinio.com\/en_us\/wp-json\/wp\/v2\/pages\/3036\/revisions\/3082"}],"wp:featuredmedia":[{"embeddable":true,"href":"https:\/\/reservapatrocinio.com\/en_us\/wp-json\/wp\/v2\/media\/2166"}],"wp:attachment":[{"href":"https:\/\/reservapatrocinio.com\/en_us\/wp-json\/wp\/v2\/media?parent=3036"}],"curies":[{"name":"wp","href":"https:\/\/api.w.org\/{rel}","templated":true}]}}