{"id":2187,"date":"2019-09-02T06:36:37","date_gmt":"2019-09-02T06:36:37","guid":{"rendered":"http:reservapatrocinio.com\/?page_id=2187"},"modified":"2025-02-27T23:50:25","modified_gmt":"2025-02-27T23:50:25","slug":"bosque-subtropical","status":"publish","type":"page","link":"https:\/\/reservapatrocinio.com\/en_us\/bosque-subtropical\/","title":{"rendered":"BOSQUE SUBTROPICAL"},"content":{"rendered":"<div data-elementor-type=\"wp-post\" data-elementor-id=\"2187\" class=\"elementor elementor-2187\" data-elementor-settings=\"[]\">\n\t\t\t\t\t\t<div class=\"elementor-inner\">\n\t\t\t\t\t\t\t<div class=\"elementor-section-wrap\">\n\t\t\t\t\t\t\t<section class=\"elementor-section elementor-top-section elementor-element elementor-element-244d22b3 elementor-section-boxed elementor-section-height-default elementor-section-height-default\" data-id=\"244d22b3\" data-element_type=\"section\">\n\t\t\t\t\t\t<div class=\"elementor-container elementor-column-gap-default\">\n\t\t\t\t\t\t\t<div class=\"elementor-row\">\n\t\t\t\t\t<div class=\"elementor-column elementor-col-66 elementor-top-column elementor-element elementor-element-188e04a6\" data-id=\"188e04a6\" data-element_type=\"column\">\n\t\t\t<div class=\"elementor-column-wrap elementor-element-populated\">\n\t\t\t\t\t\t\t<div class=\"elementor-widget-wrap\">\n\t\t\t\t\t\t<div class=\"elementor-element elementor-element-48c76818 elementor-widget elementor-widget-text-editor\" data-id=\"48c76818\" data-element_type=\"widget\" data-widget_type=\"text-editor.default\">\n\t\t\t\t<div class=\"elementor-widget-container\">\n\t\t\t\t\t\t\t\t<div class=\"elementor-text-editor elementor-clearfix\">\n\t\t\t\t\t<div><div><div><div><div><div><br \/><p><!-- [if gte mso 9]><xml>\n <o:OfficeDocumentSettings>\n  <o:AllowPNG\/>\n <\/o:OfficeDocumentSettings>\n<\/xml><![endif]--><b>TOUR DE BOSQUE <\/b><\/p><p style=\"text-align: justify;\">Nuestro <b>tour de bosque<\/b> es ideal para todos los niveles de condici\u00f3n f\u00edsica. A lo largo del recorrido, podr\u00e1s admirar la biodiversidad local, conocer de especies y aprender sobre la importancia de la conservaci\u00f3n del bosque.<\/p><\/div><\/div><\/div><\/div><\/div><\/div>\t\t\t\t\t<\/div>\n\t\t\t\t\t\t<\/div>\n\t\t\t\t<\/div>\n\t\t\t\t\t\t<\/div>\n\t\t\t\t\t<\/div>\n\t\t<\/div>\n\t\t\t\t<div class=\"elementor-column elementor-col-33 elementor-top-column elementor-element elementor-element-1e6d9d71\" data-id=\"1e6d9d71\" data-element_type=\"column\" data-settings=\"{&quot;background_background&quot;:&quot;classic&quot;}\">\n\t\t\t<div class=\"elementor-column-wrap elementor-element-populated\">\n\t\t\t\t\t\t\t<div class=\"elementor-widget-wrap\">\n\t\t\t\t\t\t<div class=\"elementor-element elementor-element-570a2f32 elementor-widget elementor-widget-text-editor\" data-id=\"570a2f32\" data-element_type=\"widget\" data-widget_type=\"text-editor.default\">\n\t\t\t\t<div class=\"elementor-widget-container\">\n\t\t\t\t\t\t\t\t<div class=\"elementor-text-editor elementor-clearfix\">\n\t\t\t\t\t<h2 style=\"text-align: left;\"><span style=\"color: #80a93d;\">Details<\/span><\/h2>\n<p>Duration: 45 min aprox.<br>Costo: Q60.00 por persona<br>+ Incluye gu\u00eda local Q60.00 por grupo<\/p>\t\t\t\t\t<\/div>\n\t\t\t\t\t\t<\/div>\n\t\t\t\t<\/div>\n\t\t\t\t<div class=\"elementor-element elementor-element-1892fbbf elementor-widget elementor-widget-text-editor\" data-id=\"1892fbbf\" data-element_type=\"widget\" data-widget_type=\"text-editor.default\">\n\t\t\t\t<div class=\"elementor-widget-container\">\n\t\t\t\t\t\t\t\t<div class=\"elementor-text-editor elementor-clearfix\">\n\t\t\t\t\t\t\t\t\t\t<\/div>\n\t\t\t\t\t\t<\/div>\n\t\t\t\t<\/div>\n\t\t\t\t\t\t<\/div>\n\t\t\t\t\t<\/div>\n\t\t<\/div>\n\t\t\t\t\t\t\t\t<\/div>\n\t\t\t\t\t<\/div>\n\t\t<\/section>\n\t\t\t\t\t\t<\/div>\n\t\t\t\t\t\t<\/div>\n\t\t\t\t\t<\/div>","protected":false},"excerpt":{"rendered":"<p>TOUR DE BOSQUE Nuestro tour de bosque es ideal para todos los niveles de condici\u00f3n f\u00edsica. A lo largo del recorrido, podr\u00e1s admirar la biodiversidad local, conocer de especies y aprender sobre la importancia de la conservaci\u00f3n del bosque. Detalles [&hellip;]<\/p>","protected":false},"author":1,"featured_media":2190,"parent":0,"menu_order":0,"comment_status":"closed","ping_status":"closed","template":"","meta":{"_joinchat":[]},"yoast_head":"<!-- This site is optimized with the Yoast SEO plugin v21.0 - https:\/\/yoast.com\/wordpress\/plugins\/seo\/ -->\n<title>BOSQUE SUBTROPICAL - .:: Reserva Patrocionio::.<\/title>\n<meta name=\"robots\" content=\"index, follow, max-snippet:-1, max-image-preview:large, max-video-preview:-1\" \/>\n<link rel=\"canonical\" href=\"https:\/\/reservapatrocinio.com\/en_us\/bosque-subtropical\/\" \/>\n<meta property=\"og:locale\" content=\"en_US\" \/>\n<meta property=\"og:type\" content=\"article\" \/>\n<meta property=\"og:title\" content=\"BOSQUE SUBTROPICAL - .:: Reserva Patrocionio::.\" \/>\n<meta property=\"og:description\" content=\"TOUR DE BOSQUE Nuestro tour de bosque es ideal para todos los niveles de condici\u00f3n f\u00edsica. A lo largo del recorrido, podr\u00e1s admirar la biodiversidad local, conocer de especies y aprender sobre la importancia de la conservaci\u00f3n del bosque. Detalles [&hellip;]\" \/>\n<meta property=\"og:url\" content=\"https:\/\/reservapatrocinio.com\/en_us\/bosque-subtropical\/\" \/>\n<meta property=\"og:site_name\" content=\".:: Reserva Patrocionio::.\" \/>\n<meta property=\"article:publisher\" content=\"https:\/\/www.facebook.com\/pages\/Reserva-Natural-Patrocinio\/273038459530904\" \/>\n<meta property=\"article:modified_time\" content=\"2025-02-27T23:50:25+00:00\" \/>\n<meta property=\"og:image\" content=\"https:\/\/reservapatrocinio.com\/wp-content\/uploads\/2019\/09\/MG_1638.jpg\" \/>\n\t<meta property=\"og:image:width\" content=\"1600\" \/>\n\t<meta property=\"og:image:height\" content=\"600\" \/>\n\t<meta property=\"og:image:type\" content=\"image\/jpeg\" \/>\n<meta name=\"twitter:card\" content=\"summary_large_image\" \/>\n<meta name=\"twitter:label1\" content=\"Est. reading time\" \/>\n\t<meta name=\"twitter:data1\" content=\"1 minute\" \/>\n<script type=\"application\/ld+json\" class=\"yoast-schema-graph\">{\"@context\":\"https:\/\/schema.org\",\"@graph\":[{\"@type\":\"WebPage\",\"@id\":\"https:\/\/reservapatrocinio.com\/bosque-subtropical\/\",\"url\":\"https:\/\/reservapatrocinio.com\/bosque-subtropical\/\",\"name\":\"BOSQUE SUBTROPICAL - .:: Reserva Patrocionio::.\",\"isPartOf\":{\"@id\":\"https:\/\/reservapatrocinio.com\/#website\"},\"datePublished\":\"2019-09-02T06:36:37+00:00\",\"dateModified\":\"2025-02-27T23:50:25+00:00\",\"breadcrumb\":{\"@id\":\"https:\/\/reservapatrocinio.com\/bosque-subtropical\/#breadcrumb\"},\"inLanguage\":\"en-US\",\"potentialAction\":[{\"@type\":\"ReadAction\",\"target\":[\"https:\/\/reservapatrocinio.com\/bosque-subtropical\/\"]}]},{\"@type\":\"BreadcrumbList\",\"@id\":\"https:\/\/reservapatrocinio.com\/bosque-subtropical\/#breadcrumb\",\"itemListElement\":[{\"@type\":\"ListItem\",\"position\":1,\"name\":\"Portada\",\"item\":\"https:\/\/reservapatrocinio.com\/\"},{\"@type\":\"ListItem\",\"position\":2,\"name\":\"BOSQUE SUBTROPICAL\"}]},{\"@type\":\"WebSite\",\"@id\":\"https:\/\/reservapatrocinio.com\/#website\",\"url\":\"https:\/\/reservapatrocinio.com\/\",\"name\":\".:: Reserva Patrocionio::.\",\"description\":\".:: Reserva Natural Hospedaje ::.\",\"publisher\":{\"@id\":\"https:\/\/reservapatrocinio.com\/#organization\"},\"potentialAction\":[{\"@type\":\"SearchAction\",\"target\":{\"@type\":\"EntryPoint\",\"urlTemplate\":\"https:\/\/reservapatrocinio.com\/?s={search_term_string}\"},\"query-input\":\"required name=search_term_string\"}],\"inLanguage\":\"en-US\"},{\"@type\":\"Organization\",\"@id\":\"https:\/\/reservapatrocinio.com\/#organization\",\"name\":\"Reserva natural Patrocionio\",\"url\":\"https:\/\/reservapatrocinio.com\/\",\"logo\":{\"@type\":\"ImageObject\",\"inLanguage\":\"en-US\",\"@id\":\"https:\/\/reservapatrocinio.com\/#\/schema\/logo\/image\/\",\"url\":\"https:\/\/reservapatrocinio.com\/wp-content\/uploads\/2019\/09\/logo.png\",\"contentUrl\":\"https:\/\/reservapatrocinio.com\/wp-content\/uploads\/2019\/09\/logo.png\",\"width\":559,\"height\":236,\"caption\":\"Reserva natural Patrocionio\"},\"image\":{\"@id\":\"https:\/\/reservapatrocinio.com\/#\/schema\/logo\/image\/\"},\"sameAs\":[\"https:\/\/www.facebook.com\/pages\/Reserva-Natural-Patrocinio\/273038459530904\",\"https:\/\/www.instagram.com\/explore\/locations\/1027334485\/reserva-natural-patrocinio\/\"]}]}<\/script>\n<!-- \/ Yoast SEO plugin. -->","yoast_head_json":{"title":"BOSQUE SUBTROPICAL - .:: Reserva Patrocionio::.","robots":{"index":"index","follow":"follow","max-snippet":"max-snippet:-1","max-image-preview":"max-image-preview:large","max-video-preview":"max-video-preview:-1"},"canonical":"https:\/\/reservapatrocinio.com\/en_us\/bosque-subtropical\/","og_locale":"en_US","og_type":"article","og_title":"BOSQUE SUBTROPICAL - .:: Reserva Patrocionio::.","og_description":"TOUR DE BOSQUE Nuestro tour de bosque es ideal para todos los niveles de condici\u00f3n f\u00edsica. A lo largo del recorrido, podr\u00e1s admirar la biodiversidad local, conocer de especies y aprender sobre la importancia de la conservaci\u00f3n del bosque. Detalles [&hellip;]","og_url":"https:\/\/reservapatrocinio.com\/en_us\/bosque-subtropical\/","og_site_name":".:: Reserva Patrocionio::.","article_publisher":"https:\/\/www.facebook.com\/pages\/Reserva-Natural-Patrocinio\/273038459530904","article_modified_time":"2025-02-27T23:50:25+00:00","og_image":[{"width":1600,"height":600,"url":"https:\/\/reservapatrocinio.com\/wp-content\/uploads\/2019\/09\/MG_1638.jpg","type":"image\/jpeg"}],"twitter_card":"summary_large_image","twitter_misc":{"Est. reading time":"1 minute"},"schema":{"@context":"https:\/\/schema.org","@graph":[{"@type":"WebPage","@id":"https:\/\/reservapatrocinio.com\/bosque-subtropical\/","url":"https:\/\/reservapatrocinio.com\/bosque-subtropical\/","name":"BOSQUE SUBTROPICAL - .:: Reserva Patrocionio::.","isPartOf":{"@id":"https:\/\/reservapatrocinio.com\/#website"},"datePublished":"2019-09-02T06:36:37+00:00","dateModified":"2025-02-27T23:50:25+00:00","breadcrumb":{"@id":"https:\/\/reservapatrocinio.com\/bosque-subtropical\/#breadcrumb"},"inLanguage":"en-US","potentialAction":[{"@type":"ReadAction","target":["https:\/\/reservapatrocinio.com\/bosque-subtropical\/"]}]},{"@type":"BreadcrumbList","@id":"https:\/\/reservapatrocinio.com\/bosque-subtropical\/#breadcrumb","itemListElement":[{"@type":"ListItem","position":1,"name":"Portada","item":"https:\/\/reservapatrocinio.com\/"},{"@type":"ListItem","position":2,"name":"BOSQUE SUBTROPICAL"}]},{"@type":"WebSite","@id":"https:\/\/reservapatrocinio.com\/#website","url":"https:\/\/reservapatrocinio.com\/","name":".:: Reserva Patrocionio::.","description":".:: Reserva Natural Hospedaje ::.","publisher":{"@id":"https:\/\/reservapatrocinio.com\/#organization"},"potentialAction":[{"@type":"SearchAction","target":{"@type":"EntryPoint","urlTemplate":"https:\/\/reservapatrocinio.com\/?s={search_term_string}"},"query-input":"required name=search_term_string"}],"inLanguage":"en-US"},{"@type":"Organization","@id":"https:\/\/reservapatrocinio.com\/#organization","name":"Reserva natural Patrocionio","url":"https:\/\/reservapatrocinio.com\/","logo":{"@type":"ImageObject","inLanguage":"en-US","@id":"https:\/\/reservapatrocinio.com\/#\/schema\/logo\/image\/","url":"https:\/\/reservapatrocinio.com\/wp-content\/uploads\/2019\/09\/logo.png","contentUrl":"https:\/\/reservapatrocinio.com\/wp-content\/uploads\/2019\/09\/logo.png","width":559,"height":236,"caption":"Reserva natural Patrocionio"},"image":{"@id":"https:\/\/reservapatrocinio.com\/#\/schema\/logo\/image\/"},"sameAs":["https:\/\/www.facebook.com\/pages\/Reserva-Natural-Patrocinio\/273038459530904","https:\/\/www.instagram.com\/explore\/locations\/1027334485\/reserva-natural-patrocinio\/"]}]}},"_links":{"self":[{"href":"https:\/\/reservapatrocinio.com\/en_us\/wp-json\/wp\/v2\/pages\/2187"}],"collection":[{"href":"https:\/\/reservapatrocinio.com\/en_us\/wp-json\/wp\/v2\/pages"}],"about":[{"href":"https:\/\/reservapatrocinio.com\/en_us\/wp-json\/wp\/v2\/types\/page"}],"author":[{"embeddable":true,"href":"https:\/\/reservapatrocinio.com\/en_us\/wp-json\/wp\/v2\/users\/1"}],"replies":[{"embeddable":true,"href":"https:\/\/reservapatrocinio.com\/en_us\/wp-json\/wp\/v2\/comments?post=2187"}],"version-history":[{"count":11,"href":"https:\/\/reservapatrocinio.com\/en_us\/wp-json\/wp\/v2\/pages\/2187\/revisions"}],"predecessor-version":[{"id":32551,"href":"https:\/\/reservapatrocinio.com\/en_us\/wp-json\/wp\/v2\/pages\/2187\/revisions\/32551"}],"wp:featuredmedia":[{"embeddable":true,"href":"https:\/\/reservapatrocinio.com\/en_us\/wp-json\/wp\/v2\/media\/2190"}],"wp:attachment":[{"href":"https:\/\/reservapatrocinio.com\/en_us\/wp-json\/wp\/v2\/media?parent=2187"}],"curies":[{"name":"wp","href":"https:\/\/api.w.org\/{rel}","templated":true}]}}