{"id":2034,"date":"2019-08-29T10:00:15","date_gmt":"2019-08-29T10:00:15","guid":{"rendered":"http:reservapatrocinio.com\/?page_id=2034"},"modified":"2019-09-05T06:36:06","modified_gmt":"2019-09-05T06:36:06","slug":"cafeteria-el-mirador-y-cafe-de-patrocinio","status":"publish","type":"page","link":"https:\/\/reservapatrocinio.com\/en_us\/cafeteria-el-mirador-y-cafe-de-patrocinio\/","title":{"rendered":"Cafeteria El Mirador and Caf\u00e9 de Patrocinio"},"content":{"rendered":"<div data-elementor-type=\"wp-post\" data-elementor-id=\"2034\" class=\"elementor elementor-2034\" data-elementor-settings=\"[]\">\n\t\t\t\t\t\t<div class=\"elementor-inner\">\n\t\t\t\t\t\t\t<div class=\"elementor-section-wrap\">\n\t\t\t\t\t\t\t<section class=\"elementor-section elementor-top-section elementor-element elementor-element-26145db3 elementor-section-boxed elementor-section-height-default elementor-section-height-default\" data-id=\"26145db3\" data-element_type=\"section\">\n\t\t\t\t\t\t<div class=\"elementor-container elementor-column-gap-default\">\n\t\t\t\t\t\t\t<div class=\"elementor-row\">\n\t\t\t\t\t<div class=\"elementor-column elementor-col-66 elementor-top-column elementor-element elementor-element-1966dee0\" data-id=\"1966dee0\" data-element_type=\"column\">\n\t\t\t<div class=\"elementor-column-wrap elementor-element-populated\">\n\t\t\t\t\t\t\t<div class=\"elementor-widget-wrap\">\n\t\t\t\t\t\t<div class=\"elementor-element elementor-element-77dd0464 elementor-widget elementor-widget-text-editor\" data-id=\"77dd0464\" data-element_type=\"widget\" data-widget_type=\"text-editor.default\">\n\t\t\t\t<div class=\"elementor-widget-container\">\n\t\t\t\t\t\t\t\t<div class=\"elementor-text-editor elementor-clearfix\">\n\t\t\t\t\t<p>Guatemala's traditional cuisine is one of the least known and most delicious in the hemisphere. For many years, Guatemala has been known for its magnificent coffee and cocoa, as well as for its exports of bananas, pineapples, sugarcane, tropical fruits and other types.<\/p><p><img decoding=\"async\" loading=\"lazy\" class=\"alignleft wp-image-2038\" src=\"http:reservapatrocinio.com\/wp-content\/uploads\/2019\/08\/Captura-de-pantalla-de-2016-10-06-13-03-04-199x300.png\" alt=\"\" width=\"274\" height=\"413\" srcset=\"https:\/\/reservapatrocinio.com\/wp-content\/uploads\/2019\/08\/Captura-de-pantalla-de-2016-10-06-13-03-04-199x300.png 199w, https:\/\/reservapatrocinio.com\/wp-content\/uploads\/2019\/08\/Captura-de-pantalla-de-2016-10-06-13-03-04.png 409w\" sizes=\"(max-width: 274px) 100vw, 274px\" \/>Our main dishes are planned so that our guests enjoy all the food groups at every meal Get to know our local dishes such as Cocido de Res, Chicken en Crema, Chicken and Grilled Fish, crispy vegetables and delicious sauces inspired by Mayan recipes. Our corn tortillas and black bean soup are what most people know about Guatemala, but there is much more to discover as our natural beverages, such as Jamaica Rose and Tamarind that satiates your thirst after a full day of adventure.<\/p><p>We wait for you in our Cafeteria El Mirador where you can have an impressive view towards the volcanoes that are only 9 kilometers away.<\/p><p>\u00a0<\/p><p>\u00a0<\/p><p>We are prepared to meet all needs. Let us know in advance, when making your reservation with us, if you have any special dietary needs, if you are allergic to nuts or dairy products, you just have to let us know in advance to prepare your stay with us. Our staff will make sure you have everything you need to make your stay in the Patronage as comfortable and enjoyable as possible.<\/p>\t\t\t\t\t<\/div>\n\t\t\t\t\t\t<\/div>\n\t\t\t\t<\/div>\n\t\t\t\t\t\t<\/div>\n\t\t\t\t\t<\/div>\n\t\t<\/div>\n\t\t\t\t<div class=\"elementor-column elementor-col-33 elementor-top-column elementor-element elementor-element-344cddfe\" data-id=\"344cddfe\" data-element_type=\"column\" data-settings=\"{&quot;background_background&quot;:&quot;classic&quot;}\">\n\t\t\t<div class=\"elementor-column-wrap elementor-element-populated\">\n\t\t\t\t\t\t\t<div class=\"elementor-widget-wrap\">\n\t\t\t\t\t\t<div class=\"elementor-element elementor-element-525ddda6 elementor-view-stacked elementor-shape-circle elementor-widget elementor-widget-icon\" data-id=\"525ddda6\" data-element_type=\"widget\" data-widget_type=\"icon.default\">\n\t\t\t\t<div class=\"elementor-widget-container\">\n\t\t\t\t\t<div class=\"elementor-icon-wrapper\">\n\t\t\t<div class=\"elementor-icon\">\n\t\t\t<i aria-hidden=\"true\" class=\"fas fa-leaf\"><\/i>\t\t\t<\/div>\n\t\t<\/div>\n\t\t\t\t<\/div>\n\t\t\t\t<\/div>\n\t\t\t\t<div class=\"elementor-element elementor-element-5c8dc1bf elementor-widget elementor-widget-text-editor\" data-id=\"5c8dc1bf\" data-element_type=\"widget\" data-widget_type=\"text-editor.default\">\n\t\t\t\t<div class=\"elementor-widget-container\">\n\t\t\t\t\t\t\t\t<div class=\"elementor-text-editor elementor-clearfix\">\n\t\t\t\t\t<h4 style=\"text-align: center;\"><span style=\"color: #526b06;\">From 7:00 a.m. a 8:00 p.m. from Monday to Sunday.<\/span><\/h4>\t\t\t\t\t<\/div>\n\t\t\t\t\t\t<\/div>\n\t\t\t\t<\/div>\n\t\t\t\t<div class=\"elementor-element elementor-element-6b45a74c elementor-widget elementor-widget-image\" data-id=\"6b45a74c\" data-element_type=\"widget\" data-widget_type=\"image.default\">\n\t\t\t\t<div class=\"elementor-widget-container\">\n\t\t\t\t\t\t\t\t<div class=\"elementor-image\">\n\t\t\t\t\t\t\t\t\t\t\t\t<img width=\"1024\" height=\"558\" src=\"https:\/\/reservapatrocinio.com\/wp-content\/uploads\/2019\/08\/patrocinio2-1024x558.jpg\" class=\"attachment-large size-large\" alt=\"\" decoding=\"async\" loading=\"lazy\" srcset=\"https:\/\/reservapatrocinio.com\/wp-content\/uploads\/2019\/08\/patrocinio2-1024x558.jpg 1024w, https:\/\/reservapatrocinio.com\/wp-content\/uploads\/2019\/08\/patrocinio2-300x164.jpg 300w, https:\/\/reservapatrocinio.com\/wp-content\/uploads\/2019\/08\/patrocinio2-768x419.jpg 768w, https:\/\/reservapatrocinio.com\/wp-content\/uploads\/2019\/08\/patrocinio2-440x240.jpg 440w, https:\/\/reservapatrocinio.com\/wp-content\/uploads\/2019\/08\/patrocinio2-600x327.jpg 600w, https:\/\/reservapatrocinio.com\/wp-content\/uploads\/2019\/08\/patrocinio2.jpg 1280w\" sizes=\"(max-width: 1024px) 100vw, 1024px\" \/>\t\t\t\t\t\t\t\t\t\t\t\t\t\t<\/div>\n\t\t\t\t\t\t<\/div>\n\t\t\t\t<\/div>\n\t\t\t\t<div class=\"elementor-element elementor-element-67ee75be elementor-widget elementor-widget-text-editor\" data-id=\"67ee75be\" data-element_type=\"widget\" data-widget_type=\"text-editor.default\">\n\t\t\t\t<div class=\"elementor-widget-container\">\n\t\t\t\t\t\t\t\t<div class=\"elementor-text-editor elementor-clearfix\">\n\t\t\t\t\t<p>The coffee, macadamia nuts, honey and organic cocoa that you can enjoy in Reserva Patrocinio are for sale in our restaurant so you can bring some of our flavor and remember your delicious meals in Reserva Patrocinio back home.<\/p><p><i class=\"fas fa-leaf\" style=\"color: green;\"><\/i>\u00a0Reserve coffee<br \/><i class=\"fas fa-leaf\" style=\"color: green;\"><\/i>Chocolate bars<br \/><i class=\"fas fa-leaf\" style=\"color: green;\"><\/i>\u00a0Macadamia<br \/><i class=\"fas fa-leaf\" style=\"color: green;\"><\/i>\u00a0Macadamia oil<br \/><i class=\"fas fa-leaf\" style=\"color: green;\"><\/i>\u00a0Malanga Chips<br \/><i class=\"fas fa-leaf\" style=\"color: green;\"><\/i>\u00a0Honey bee<br \/><i class=\"fas fa-leaf\" style=\"color: green;\"><\/i>\u00a0Chokadamia<\/p>\t\t\t\t\t<\/div>\n\t\t\t\t\t\t<\/div>\n\t\t\t\t<\/div>\n\t\t\t\t\t\t<\/div>\n\t\t\t\t\t<\/div>\n\t\t<\/div>\n\t\t\t\t\t\t\t\t<\/div>\n\t\t\t\t\t<\/div>\n\t\t<\/section>\n\t\t\t\t<section class=\"elementor-section elementor-top-section elementor-element elementor-element-15ca210 elementor-section-stretched elementor-section-full_width elementor-section-height-default elementor-section-height-default\" data-id=\"15ca210\" data-element_type=\"section\" data-settings=\"{&quot;stretch_section&quot;:&quot;section-stretched&quot;,&quot;background_background&quot;:&quot;gradient&quot;}\">\n\t\t\t\t\t\t<div class=\"elementor-container elementor-column-gap-default\">\n\t\t\t\t\t\t\t<div class=\"elementor-row\">\n\t\t\t\t\t<div class=\"elementor-column elementor-col-100 elementor-top-column elementor-element elementor-element-2577982\" data-id=\"2577982\" data-element_type=\"column\" data-settings=\"{&quot;background_background&quot;:&quot;classic&quot;}\">\n\t\t\t<div class=\"elementor-column-wrap elementor-element-populated\">\n\t\t\t\t\t\t\t<div class=\"elementor-widget-wrap\">\n\t\t\t\t\t\t<div class=\"elementor-element elementor-element-8dc6c54 elementor-widget elementor-widget-hoteller-gallery-justified\" data-id=\"8dc6c54\" data-element_type=\"widget\" data-widget_type=\"hoteller-gallery-justified.default\">\n\t\t\t\t<div class=\"elementor-widget-container\">\n\t\t\t<div class=\"gallery_grid_content_wrapper do_justified justified-gallery\" data-row_height=\"150\" data-margin=\"5\" data-justify_last_row=\"yes\">\n\t\t<div class=\"entry gallery_grid_item gallery-grid-tilt\">\n\t\t\t\t\t\t\t<a class=\"tg_gallery_lightbox\" href=\"http:reservapatrocinio.com\/wp-content\/uploads\/2019\/08\/cafe7-1.jpg\" data-thumb=\"https:\/\/reservapatrocinio.com\/wp-content\/uploads\/2019\/08\/cafe7-1-300x200.jpg\" data-rel=\"tg_gallery8dc6c54\" data-title=\"cafe7\" >\n\t\t\t\t\t\t\t<img decoding=\"async\" src=\"https:\/\/reservapatrocinio.com\/wp-content\/uploads\/2019\/08\/cafe7-1-768x512.jpg\" class=\"\" alt=\"\" \/>\n\t\t\t\t\t\n\t\t\t\t<div class=\"bg_overlay\"><\/div>\n\t\t\t\t<div class=\"tg_gallery_grid_title\">cafe7<\/div>\n\t\t\t\t\t\t\t<\/a>\n\t\t\t\t\t<\/div>\n\t\t<div class=\"entry gallery_grid_item gallery-grid-tilt\">\n\t\t\t\t\t\t\t<a class=\"tg_gallery_lightbox\" href=\"http:reservapatrocinio.com\/wp-content\/uploads\/2019\/08\/cafe8-1.jpg\" data-thumb=\"https:\/\/reservapatrocinio.com\/wp-content\/uploads\/2019\/08\/cafe8-1-300x200.jpg\" data-rel=\"tg_gallery8dc6c54\" data-title=\"cafe8\" >\n\t\t\t\t\t\t\t<img decoding=\"async\" src=\"https:\/\/reservapatrocinio.com\/wp-content\/uploads\/2019\/08\/cafe8-1-768x512.jpg\" class=\"\" alt=\"\" \/>\n\t\t\t\t\t\n\t\t\t\t<div class=\"bg_overlay\"><\/div>\n\t\t\t\t<div class=\"tg_gallery_grid_title\">cafe8<\/div>\n\t\t\t\t\t\t\t<\/a>\n\t\t\t\t\t<\/div>\n\t\t<div class=\"entry gallery_grid_item gallery-grid-tilt\">\n\t\t\t\t\t\t\t<a class=\"tg_gallery_lightbox\" href=\"http:reservapatrocinio.com\/wp-content\/uploads\/2019\/08\/Captura-de-pantalla-de-2016-10-06-13-03-04-1.png\" data-thumb=\"https:\/\/reservapatrocinio.com\/wp-content\/uploads\/2019\/08\/Captura-de-pantalla-de-2016-10-06-13-03-04-1-199x300.png\" data-rel=\"tg_gallery8dc6c54\" data-title=\"Captura-de-pantalla-de-2016-10-06-13-03-04\" >\n\t\t\t\t\t\t\t<img decoding=\"async\" src=\"https:\/\/reservapatrocinio.com\/wp-content\/uploads\/2019\/08\/Captura-de-pantalla-de-2016-10-06-13-03-04-1.png\" class=\"\" alt=\"\" \/>\n\t\t\t\t\t\n\t\t\t\t<div class=\"bg_overlay\"><\/div>\n\t\t\t\t<div class=\"tg_gallery_grid_title\">Captura-de-pantalla-de-2016-10-06-13-03-04<\/div>\n\t\t\t\t\t\t\t<\/a>\n\t\t\t\t\t<\/div>\n\t\t<div class=\"entry gallery_grid_item gallery-grid-tilt\">\n\t\t\t\t\t\t\t<a class=\"tg_gallery_lightbox\" href=\"http:reservapatrocinio.com\/wp-content\/uploads\/2019\/08\/cafe3-1.jpg\" data-thumb=\"https:\/\/reservapatrocinio.com\/wp-content\/uploads\/2019\/08\/cafe3-1-300x200.jpg\" data-rel=\"tg_gallery8dc6c54\" data-title=\"cafe3\" >\n\t\t\t\t\t\t\t<img decoding=\"async\" src=\"https:\/\/reservapatrocinio.com\/wp-content\/uploads\/2019\/08\/cafe3-1-768x512.jpg\" class=\"\" alt=\"\" \/>\n\t\t\t\t\t\n\t\t\t\t<div class=\"bg_overlay\"><\/div>\n\t\t\t\t<div class=\"tg_gallery_grid_title\">cafe3<\/div>\n\t\t\t\t\t\t\t<\/a>\n\t\t\t\t\t<\/div>\n\t\t<div class=\"entry gallery_grid_item gallery-grid-tilt\">\n\t\t\t\t\t\t\t<a class=\"tg_gallery_lightbox\" href=\"http:reservapatrocinio.com\/wp-content\/uploads\/2019\/08\/cafe4-1.jpg\" data-thumb=\"https:\/\/reservapatrocinio.com\/wp-content\/uploads\/2019\/08\/cafe4-1-300x200.jpg\" data-rel=\"tg_gallery8dc6c54\" data-title=\"cafe4\" >\n\t\t\t\t\t\t\t<img decoding=\"async\" src=\"https:\/\/reservapatrocinio.com\/wp-content\/uploads\/2019\/08\/cafe4-1-768x512.jpg\" class=\"\" alt=\"\" \/>\n\t\t\t\t\t\n\t\t\t\t<div class=\"bg_overlay\"><\/div>\n\t\t\t\t<div class=\"tg_gallery_grid_title\">cafe4<\/div>\n\t\t\t\t\t\t\t<\/a>\n\t\t\t\t\t<\/div>\n\t\t<div class=\"entry gallery_grid_item gallery-grid-tilt\">\n\t\t\t\t\t\t\t<a class=\"tg_gallery_lightbox\" href=\"http:reservapatrocinio.com\/wp-content\/uploads\/2019\/08\/cafe2-1.jpg\" data-thumb=\"https:\/\/reservapatrocinio.com\/wp-content\/uploads\/2019\/08\/cafe2-1-300x200.jpg\" data-rel=\"tg_gallery8dc6c54\" data-title=\"cafe2\" >\n\t\t\t\t\t\t\t<img decoding=\"async\" src=\"https:\/\/reservapatrocinio.com\/wp-content\/uploads\/2019\/08\/cafe2-1-768x512.jpg\" class=\"\" alt=\"\" \/>\n\t\t\t\t\t\n\t\t\t\t<div class=\"bg_overlay\"><\/div>\n\t\t\t\t<div class=\"tg_gallery_grid_title\">cafe2<\/div>\n\t\t\t\t\t\t\t<\/a>\n\t\t\t\t\t<\/div>\n\t\t<div class=\"entry gallery_grid_item gallery-grid-tilt\">\n\t\t\t\t\t\t\t<a class=\"tg_gallery_lightbox\" href=\"http:reservapatrocinio.com\/wp-content\/uploads\/2019\/08\/cafe5-1.jpg\" data-thumb=\"https:\/\/reservapatrocinio.com\/wp-content\/uploads\/2019\/08\/cafe5-1-300x200.jpg\" data-rel=\"tg_gallery8dc6c54\" data-title=\"cafe5\" >\n\t\t\t\t\t\t\t<img decoding=\"async\" src=\"https:\/\/reservapatrocinio.com\/wp-content\/uploads\/2019\/08\/cafe5-1-768x512.jpg\" class=\"\" alt=\"\" \/>\n\t\t\t\t\t\n\t\t\t\t<div class=\"bg_overlay\"><\/div>\n\t\t\t\t<div class=\"tg_gallery_grid_title\">cafe5<\/div>\n\t\t\t\t\t\t\t<\/a>\n\t\t\t\t\t<\/div>\n\t\t<div class=\"entry gallery_grid_item gallery-grid-tilt\">\n\t\t\t\t\t\t\t<a class=\"tg_gallery_lightbox\" href=\"http:reservapatrocinio.com\/wp-content\/uploads\/2019\/08\/cafe6.jpg\" data-thumb=\"https:\/\/reservapatrocinio.com\/wp-content\/uploads\/2019\/08\/cafe6-300x200.jpg\" data-rel=\"tg_gallery8dc6c54\" data-title=\"cafe6\" >\n\t\t\t\t\t\t\t<img decoding=\"async\" src=\"https:\/\/reservapatrocinio.com\/wp-content\/uploads\/2019\/08\/cafe6-768x512.jpg\" class=\"\" alt=\"\" \/>\n\t\t\t\t\t\n\t\t\t\t<div class=\"bg_overlay\"><\/div>\n\t\t\t\t<div class=\"tg_gallery_grid_title\">cafe6<\/div>\n\t\t\t\t\t\t\t<\/a>\n\t\t\t\t\t<\/div>\n\t\t<div class=\"entry gallery_grid_item gallery-grid-tilt\">\n\t\t\t\t\t\t\t<a class=\"tg_gallery_lightbox\" href=\"http:reservapatrocinio.com\/wp-content\/uploads\/2019\/08\/cafe7.jpg\" data-thumb=\"https:\/\/reservapatrocinio.com\/wp-content\/uploads\/2019\/08\/cafe7-300x200.jpg\" data-rel=\"tg_gallery8dc6c54\" data-title=\"cafe7\" >\n\t\t\t\t\t\t\t<img decoding=\"async\" src=\"https:\/\/reservapatrocinio.com\/wp-content\/uploads\/2019\/08\/cafe7-768x512.jpg\" class=\"\" alt=\"\" \/>\n\t\t\t\t\t\n\t\t\t\t<div class=\"bg_overlay\"><\/div>\n\t\t\t\t<div class=\"tg_gallery_grid_title\">cafe7<\/div>\n\t\t\t\t\t\t\t<\/a>\n\t\t\t\t\t<\/div>\n\t\t<div class=\"entry gallery_grid_item gallery-grid-tilt\">\n\t\t\t\t\t\t\t<a class=\"tg_gallery_lightbox\" href=\"http:reservapatrocinio.com\/wp-content\/uploads\/2019\/08\/cafe4.jpg\" data-thumb=\"https:\/\/reservapatrocinio.com\/wp-content\/uploads\/2019\/08\/cafe4-300x200.jpg\" data-rel=\"tg_gallery8dc6c54\" data-title=\"cafe4\" >\n\t\t\t\t\t\t\t<img decoding=\"async\" src=\"https:\/\/reservapatrocinio.com\/wp-content\/uploads\/2019\/08\/cafe4-768x512.jpg\" class=\"\" alt=\"\" \/>\n\t\t\t\t\t\n\t\t\t\t<div class=\"bg_overlay\"><\/div>\n\t\t\t\t<div class=\"tg_gallery_grid_title\">cafe4<\/div>\n\t\t\t\t\t\t\t<\/a>\n\t\t\t\t\t<\/div>\n<br class=\"clear\"\/>\n<\/div>\n\t\t<\/div>\n\t\t\t\t<\/div>\n\t\t\t\t\t\t<\/div>\n\t\t\t\t\t<\/div>\n\t\t<\/div>\n\t\t\t\t\t\t\t\t<\/div>\n\t\t\t\t\t<\/div>\n\t\t<\/section>\n\t\t\t\t\t\t<\/div>\n\t\t\t\t\t\t<\/div>\n\t\t\t\t\t<\/div>","protected":false},"excerpt":{"rendered":"<p>La cocina tradicional de Guatemala es una\u00a0de las menos conocidas y m\u00e1s deliciosa en el hemisferio.\u00a0Durante muchos a\u00f1os, Guatemala ha sido conocida por su magn\u00edfico caf\u00e9 y cacao, as\u00ed como para sus exportaciones de banano, pi\u00f1a, ca\u00f1a de az\u00facar, frutas [&hellip;]<\/p>","protected":false},"author":1,"featured_media":2035,"parent":0,"menu_order":0,"comment_status":"closed","ping_status":"closed","template":"","meta":{"_joinchat":[]},"yoast_head":"<!-- This site is optimized with the Yoast SEO plugin v21.0 - https:\/\/yoast.com\/wordpress\/plugins\/seo\/ -->\n<title>Cafeter\u00eda El Mirador y Caf\u00e9 de Patrocinio - .:: Reserva Patrocionio::.<\/title>\n<meta name=\"robots\" content=\"index, follow, max-snippet:-1, max-image-preview:large, max-video-preview:-1\" \/>\n<link rel=\"canonical\" href=\"https:\/\/reservapatrocinio.com\/en_us\/cafeteria-el-mirador-y-cafe-de-patrocinio\/\" \/>\n<meta property=\"og:locale\" content=\"en_US\" \/>\n<meta property=\"og:type\" content=\"article\" \/>\n<meta property=\"og:title\" content=\"Cafeter\u00eda El Mirador y Caf\u00e9 de Patrocinio - .:: Reserva Patrocionio::.\" \/>\n<meta property=\"og:description\" content=\"La cocina tradicional de Guatemala es una\u00a0de las menos conocidas y m\u00e1s deliciosa en el hemisferio.\u00a0Durante muchos a\u00f1os, Guatemala ha sido conocida por su magn\u00edfico caf\u00e9 y cacao, as\u00ed como para sus exportaciones de banano, pi\u00f1a, ca\u00f1a de az\u00facar, frutas [&hellip;]\" \/>\n<meta property=\"og:url\" content=\"https:\/\/reservapatrocinio.com\/en_us\/cafeteria-el-mirador-y-cafe-de-patrocinio\/\" \/>\n<meta property=\"og:site_name\" content=\".:: Reserva Patrocionio::.\" \/>\n<meta property=\"article:publisher\" content=\"https:\/\/www.facebook.com\/pages\/Reserva-Natural-Patrocinio\/273038459530904\" \/>\n<meta property=\"article:modified_time\" content=\"2019-09-05T06:36:06+00:00\" \/>\n<meta property=\"og:image\" content=\"https:\/\/reservapatrocinio.com\/wp-content\/uploads\/2019\/08\/MG_1337_lower.jpg\" \/>\n\t<meta property=\"og:image:width\" content=\"1600\" \/>\n\t<meta property=\"og:image:height\" content=\"600\" \/>\n\t<meta property=\"og:image:type\" content=\"image\/jpeg\" \/>\n<meta name=\"twitter:card\" content=\"summary_large_image\" \/>\n<meta name=\"twitter:label1\" content=\"Est. reading time\" \/>\n\t<meta name=\"twitter:data1\" content=\"2 minutes\" \/>\n<script type=\"application\/ld+json\" class=\"yoast-schema-graph\">{\"@context\":\"https:\/\/schema.org\",\"@graph\":[{\"@type\":\"WebPage\",\"@id\":\"https:\/\/reservapatrocinio.com\/cafeteria-el-mirador-y-cafe-de-patrocinio\/\",\"url\":\"https:\/\/reservapatrocinio.com\/cafeteria-el-mirador-y-cafe-de-patrocinio\/\",\"name\":\"Cafeter\u00eda El Mirador y Caf\u00e9 de Patrocinio - .:: Reserva Patrocionio::.\",\"isPartOf\":{\"@id\":\"https:\/\/reservapatrocinio.com\/#website\"},\"datePublished\":\"2019-08-29T10:00:15+00:00\",\"dateModified\":\"2019-09-05T06:36:06+00:00\",\"breadcrumb\":{\"@id\":\"https:\/\/reservapatrocinio.com\/cafeteria-el-mirador-y-cafe-de-patrocinio\/#breadcrumb\"},\"inLanguage\":\"en-US\",\"potentialAction\":[{\"@type\":\"ReadAction\",\"target\":[\"https:\/\/reservapatrocinio.com\/cafeteria-el-mirador-y-cafe-de-patrocinio\/\"]}]},{\"@type\":\"BreadcrumbList\",\"@id\":\"https:\/\/reservapatrocinio.com\/cafeteria-el-mirador-y-cafe-de-patrocinio\/#breadcrumb\",\"itemListElement\":[{\"@type\":\"ListItem\",\"position\":1,\"name\":\"Portada\",\"item\":\"https:\/\/reservapatrocinio.com\/\"},{\"@type\":\"ListItem\",\"position\":2,\"name\":\"Cafeter\u00eda El Mirador y Caf\u00e9 de Patrocinio\"}]},{\"@type\":\"WebSite\",\"@id\":\"https:\/\/reservapatrocinio.com\/#website\",\"url\":\"https:\/\/reservapatrocinio.com\/\",\"name\":\".:: Reserva Patrocionio::.\",\"description\":\".:: Reserva Natural Hospedaje ::.\",\"publisher\":{\"@id\":\"https:\/\/reservapatrocinio.com\/#organization\"},\"potentialAction\":[{\"@type\":\"SearchAction\",\"target\":{\"@type\":\"EntryPoint\",\"urlTemplate\":\"https:\/\/reservapatrocinio.com\/?s={search_term_string}\"},\"query-input\":\"required name=search_term_string\"}],\"inLanguage\":\"en-US\"},{\"@type\":\"Organization\",\"@id\":\"https:\/\/reservapatrocinio.com\/#organization\",\"name\":\"Reserva natural Patrocionio\",\"url\":\"https:\/\/reservapatrocinio.com\/\",\"logo\":{\"@type\":\"ImageObject\",\"inLanguage\":\"en-US\",\"@id\":\"https:\/\/reservapatrocinio.com\/#\/schema\/logo\/image\/\",\"url\":\"https:\/\/reservapatrocinio.com\/wp-content\/uploads\/2019\/09\/logo.png\",\"contentUrl\":\"https:\/\/reservapatrocinio.com\/wp-content\/uploads\/2019\/09\/logo.png\",\"width\":559,\"height\":236,\"caption\":\"Reserva natural Patrocionio\"},\"image\":{\"@id\":\"https:\/\/reservapatrocinio.com\/#\/schema\/logo\/image\/\"},\"sameAs\":[\"https:\/\/www.facebook.com\/pages\/Reserva-Natural-Patrocinio\/273038459530904\",\"https:\/\/www.instagram.com\/explore\/locations\/1027334485\/reserva-natural-patrocinio\/\"]}]}<\/script>\n<!-- \/ Yoast SEO plugin. -->","yoast_head_json":{"title":"Cafeter\u00eda El Mirador y Caf\u00e9 de Patrocinio - .:: Reserva Patrocionio::.","robots":{"index":"index","follow":"follow","max-snippet":"max-snippet:-1","max-image-preview":"max-image-preview:large","max-video-preview":"max-video-preview:-1"},"canonical":"https:\/\/reservapatrocinio.com\/en_us\/cafeteria-el-mirador-y-cafe-de-patrocinio\/","og_locale":"en_US","og_type":"article","og_title":"Cafeter\u00eda El Mirador y Caf\u00e9 de Patrocinio - .:: Reserva Patrocionio::.","og_description":"La cocina tradicional de Guatemala es una\u00a0de las menos conocidas y m\u00e1s deliciosa en el hemisferio.\u00a0Durante muchos a\u00f1os, Guatemala ha sido conocida por su magn\u00edfico caf\u00e9 y cacao, as\u00ed como para sus exportaciones de banano, pi\u00f1a, ca\u00f1a de az\u00facar, frutas [&hellip;]","og_url":"https:\/\/reservapatrocinio.com\/en_us\/cafeteria-el-mirador-y-cafe-de-patrocinio\/","og_site_name":".:: Reserva Patrocionio::.","article_publisher":"https:\/\/www.facebook.com\/pages\/Reserva-Natural-Patrocinio\/273038459530904","article_modified_time":"2019-09-05T06:36:06+00:00","og_image":[{"width":1600,"height":600,"url":"https:\/\/reservapatrocinio.com\/wp-content\/uploads\/2019\/08\/MG_1337_lower.jpg","type":"image\/jpeg"}],"twitter_card":"summary_large_image","twitter_misc":{"Est. reading time":"2 minutes"},"schema":{"@context":"https:\/\/schema.org","@graph":[{"@type":"WebPage","@id":"https:\/\/reservapatrocinio.com\/cafeteria-el-mirador-y-cafe-de-patrocinio\/","url":"https:\/\/reservapatrocinio.com\/cafeteria-el-mirador-y-cafe-de-patrocinio\/","name":"Cafeter\u00eda El Mirador y Caf\u00e9 de Patrocinio - .:: Reserva Patrocionio::.","isPartOf":{"@id":"https:\/\/reservapatrocinio.com\/#website"},"datePublished":"2019-08-29T10:00:15+00:00","dateModified":"2019-09-05T06:36:06+00:00","breadcrumb":{"@id":"https:\/\/reservapatrocinio.com\/cafeteria-el-mirador-y-cafe-de-patrocinio\/#breadcrumb"},"inLanguage":"en-US","potentialAction":[{"@type":"ReadAction","target":["https:\/\/reservapatrocinio.com\/cafeteria-el-mirador-y-cafe-de-patrocinio\/"]}]},{"@type":"BreadcrumbList","@id":"https:\/\/reservapatrocinio.com\/cafeteria-el-mirador-y-cafe-de-patrocinio\/#breadcrumb","itemListElement":[{"@type":"ListItem","position":1,"name":"Portada","item":"https:\/\/reservapatrocinio.com\/"},{"@type":"ListItem","position":2,"name":"Cafeter\u00eda El Mirador y Caf\u00e9 de Patrocinio"}]},{"@type":"WebSite","@id":"https:\/\/reservapatrocinio.com\/#website","url":"https:\/\/reservapatrocinio.com\/","name":".:: Reserva Patrocionio::.","description":".:: Reserva Natural Hospedaje ::.","publisher":{"@id":"https:\/\/reservapatrocinio.com\/#organization"},"potentialAction":[{"@type":"SearchAction","target":{"@type":"EntryPoint","urlTemplate":"https:\/\/reservapatrocinio.com\/?s={search_term_string}"},"query-input":"required name=search_term_string"}],"inLanguage":"en-US"},{"@type":"Organization","@id":"https:\/\/reservapatrocinio.com\/#organization","name":"Reserva natural Patrocionio","url":"https:\/\/reservapatrocinio.com\/","logo":{"@type":"ImageObject","inLanguage":"en-US","@id":"https:\/\/reservapatrocinio.com\/#\/schema\/logo\/image\/","url":"https:\/\/reservapatrocinio.com\/wp-content\/uploads\/2019\/09\/logo.png","contentUrl":"https:\/\/reservapatrocinio.com\/wp-content\/uploads\/2019\/09\/logo.png","width":559,"height":236,"caption":"Reserva natural Patrocionio"},"image":{"@id":"https:\/\/reservapatrocinio.com\/#\/schema\/logo\/image\/"},"sameAs":["https:\/\/www.facebook.com\/pages\/Reserva-Natural-Patrocinio\/273038459530904","https:\/\/www.instagram.com\/explore\/locations\/1027334485\/reserva-natural-patrocinio\/"]}]}},"_links":{"self":[{"href":"https:\/\/reservapatrocinio.com\/en_us\/wp-json\/wp\/v2\/pages\/2034"}],"collection":[{"href":"https:\/\/reservapatrocinio.com\/en_us\/wp-json\/wp\/v2\/pages"}],"about":[{"href":"https:\/\/reservapatrocinio.com\/en_us\/wp-json\/wp\/v2\/types\/page"}],"author":[{"embeddable":true,"href":"https:\/\/reservapatrocinio.com\/en_us\/wp-json\/wp\/v2\/users\/1"}],"replies":[{"embeddable":true,"href":"https:\/\/reservapatrocinio.com\/en_us\/wp-json\/wp\/v2\/comments?post=2034"}],"version-history":[{"count":6,"href":"https:\/\/reservapatrocinio.com\/en_us\/wp-json\/wp\/v2\/pages\/2034\/revisions"}],"predecessor-version":[{"id":2491,"href":"https:\/\/reservapatrocinio.com\/en_us\/wp-json\/wp\/v2\/pages\/2034\/revisions\/2491"}],"wp:featuredmedia":[{"embeddable":true,"href":"https:\/\/reservapatrocinio.com\/en_us\/wp-json\/wp\/v2\/media\/2035"}],"wp:attachment":[{"href":"https:\/\/reservapatrocinio.com\/en_us\/wp-json\/wp\/v2\/media?parent=2034"}],"curies":[{"name":"wp","href":"https:\/\/api.w.org\/{rel}","templated":true}]}}