{"id":1817,"date":"2019-08-29T00:29:21","date_gmt":"2019-08-29T00:29:21","guid":{"rendered":"http:reservapatrocinio.com\/?page_id=1817"},"modified":"2019-09-05T06:13:01","modified_gmt":"2019-09-05T06:13:01","slug":"que-mas-hacer-en-los-alrededores-de-patrocinio","status":"publish","type":"page","link":"https:\/\/reservapatrocinio.com\/en_us\/que-mas-hacer-en-los-alrededores-de-patrocinio\/","title":{"rendered":"WHAT ELSE TO DO AROUND PATROCINIO RESERVE"},"content":{"rendered":"<div data-elementor-type=\"wp-post\" data-elementor-id=\"1817\" class=\"elementor elementor-1817\" data-elementor-settings=\"[]\">\n\t\t\t\t\t\t<div class=\"elementor-inner\">\n\t\t\t\t\t\t\t<div class=\"elementor-section-wrap\">\n\t\t\t\t\t\t\t<section class=\"elementor-section elementor-top-section elementor-element elementor-element-51a321b2 elementor-section-boxed elementor-section-height-default elementor-section-height-default\" data-id=\"51a321b2\" data-element_type=\"section\">\n\t\t\t\t\t\t<div class=\"elementor-container elementor-column-gap-default\">\n\t\t\t\t\t\t\t<div class=\"elementor-row\">\n\t\t\t\t\t<div class=\"elementor-column elementor-col-66 elementor-top-column elementor-element elementor-element-3baa11df\" data-id=\"3baa11df\" data-element_type=\"column\">\n\t\t\t<div class=\"elementor-column-wrap elementor-element-populated\">\n\t\t\t\t\t\t\t<div class=\"elementor-widget-wrap\">\n\t\t\t\t\t\t<div class=\"elementor-element elementor-element-11bf42f elementor-widget elementor-widget-text-editor\" data-id=\"11bf42f\" data-element_type=\"widget\" data-widget_type=\"text-editor.default\">\n\t\t\t\t<div class=\"elementor-widget-container\">\n\t\t\t\t\t\t\t\t<div class=\"elementor-text-editor elementor-clearfix\">\n\t\t\t\t\t<h2><span style=\"color: #008000;\">Welcome to a magic world<\/span><\/h2><p>Retalhuleu se est\u00e1 convirtiendo en uno de los destinos m\u00e1s solicitados\u00a0de viaje en el pa\u00eds de Guatemala. Tiene todo lo que un destino tur\u00edstico emergente requiere: un equilibrio perfecto entre sitios de patrimonio natural y cultural, parques recreativos como IRTRA y Xulik, Reservas Naturales, Dinopark, destinos de playa, museos y a\u00fan m\u00e1s importante,\u00a0su gente&#8230; anfitriones amables que le dar\u00e1n la bienvenida con ese car\u00e1cter especial que caracteriza\u00a0a los guatemaltecos.<\/p><h2><span style=\"color: #008000;\">Welcome to Guatem\u00e1gica<\/span><\/h2><p>Visiting the Private Nature Reserve Patrocinio in combination with other destinations can give you a true enrichment in culture, traditions, customs and landscapes of the area.\nPatrocinio Reserve is located near the Ramsar site, Manch\u00f3n Guamuchal and other private nature reserves such as Montes Eliseos, as well as the archaeological site of Tak 'alik A'baj cradle of the Mayan culture http:\/\/www.takalik.com\/ which is located within the Santa Margarita farm located in El Asintal, Retalhuleu ...<br \/>Retalhuleu is becoming one of the most requested destinations to travel in Guatemala country. It has everything an emerging tourist destination requires: a perfect balance between natural and cultural heritage sites, recreational parks such as IRTRA and Xulik, Nature Reserves, Dinopark, beach destinations, museums and even more important, it\u00b4s people... Friendly hosts who will welcome you with that special character that characterizes &amp; nbsp; the Guatemalans <a href=\"http:\/\/www.takalik.com\/\">http:\/\/www.takalik.com\/<\/a> que se encuentra dentro de la finca Santa Margarita ubicada en El Asintal, Retalhuleu\u2026<\/p>\t\t\t\t\t<\/div>\n\t\t\t\t\t\t<\/div>\n\t\t\t\t<\/div>\n\t\t\t\t\t\t<\/div>\n\t\t\t\t\t<\/div>\n\t\t<\/div>\n\t\t\t\t<div class=\"elementor-column elementor-col-33 elementor-top-column elementor-element elementor-element-50e40e3b\" data-id=\"50e40e3b\" data-element_type=\"column\" data-settings=\"{&quot;background_background&quot;:&quot;classic&quot;}\">\n\t\t\t<div class=\"elementor-column-wrap elementor-element-populated\">\n\t\t\t\t\t\t\t<div class=\"elementor-widget-wrap\">\n\t\t\t\t\t\t<div class=\"elementor-element elementor-element-0a5e6f4 elementor-widget elementor-widget-image\" data-id=\"0a5e6f4\" data-element_type=\"widget\" data-widget_type=\"image.default\">\n\t\t\t\t<div class=\"elementor-widget-container\">\n\t\t\t\t\t\t\t\t<div class=\"elementor-image\">\n\t\t\t\t\t\t\t\t\t\t\t\t<img width=\"300\" height=\"300\" src=\"https:\/\/reservapatrocinio.com\/wp-content\/uploads\/2019\/08\/guatemagica.png\" class=\"attachment-large size-large\" alt=\"\" decoding=\"async\" loading=\"lazy\" srcset=\"https:\/\/reservapatrocinio.com\/wp-content\/uploads\/2019\/08\/guatemagica.png 300w, https:\/\/reservapatrocinio.com\/wp-content\/uploads\/2019\/08\/guatemagica-150x150.png 150w, https:\/\/reservapatrocinio.com\/wp-content\/uploads\/2019\/08\/guatemagica-100x100.png 100w\" sizes=\"(max-width: 300px) 100vw, 300px\" \/>\t\t\t\t\t\t\t\t\t\t\t\t\t\t<\/div>\n\t\t\t\t\t\t<\/div>\n\t\t\t\t<\/div>\n\t\t\t\t<div class=\"elementor-element elementor-element-7e02ea34 elementor-widget elementor-widget-text-editor\" data-id=\"7e02ea34\" data-element_type=\"widget\" data-widget_type=\"text-editor.default\">\n\t\t\t\t<div class=\"elementor-widget-container\">\n\t\t\t\t\t\t\t\t<div class=\"elementor-text-editor elementor-clearfix\">\n\t\t\t\t\t<h4 style=\"text-align: center;\"><span style=\"color: #526b06;\"><a href=\"http:\/\/www.guatemagica.gt\"><span style=\"color: #008000;\">Do you wan\u00b4t to explore a little bit more? <\/span><\/a><\/span><\/h4><h4 style=\"text-align: center;\"><span style=\"color: #526b06;\"><a href=\"http:\/\/www.guatemagica.gt\"><span style=\"color: #008000;\">Visit the website and discover the magic of the region.<\/span><\/a><\/span><\/h4>\t\t\t\t\t<\/div>\n\t\t\t\t\t\t<\/div>\n\t\t\t\t<\/div>\n\t\t\t\t\t\t<\/div>\n\t\t\t\t\t<\/div>\n\t\t<\/div>\n\t\t\t\t\t\t\t\t<\/div>\n\t\t\t\t\t<\/div>\n\t\t<\/section>\n\t\t\t\t<section class=\"elementor-section elementor-top-section elementor-element elementor-element-1eed8744 elementor-section-stretched elementor-section-boxed elementor-section-height-default elementor-section-height-default\" data-id=\"1eed8744\" data-element_type=\"section\" id=\"servicios\" data-settings=\"{&quot;stretch_section&quot;:&quot;section-stretched&quot;}\">\n\t\t\t\t\t\t<div class=\"elementor-container elementor-column-gap-no\">\n\t\t\t\t\t\t\t<div class=\"elementor-row\">\n\t\t\t\t\t<div class=\"elementor-column elementor-col-33 elementor-top-column elementor-element elementor-element-5cc224df home_blocks_link\" data-id=\"5cc224df\" data-element_type=\"column\" data-settings=\"{&quot;background_background&quot;:&quot;classic&quot;}\">\n\t\t\t<div class=\"elementor-column-wrap elementor-element-populated\">\n\t\t\t\t\t<div class=\"elementor-background-overlay\"><\/div>\n\t\t\t\t\t\t\t<div class=\"elementor-widget-wrap\">\n\t\t\t\t\t\t<div class=\"elementor-element elementor-element-3885122d elementor-widget elementor-widget-heading\" data-id=\"3885122d\" data-element_type=\"widget\" data-widget_type=\"heading.default\">\n\t\t\t\t<div class=\"elementor-widget-container\">\n\t\t\t<h2 class=\"elementor-heading-title elementor-size-default\"><a href=\"\/el-lodge-en-patrocinio\">LODGE PATROCIONIO<\/a><\/h2>\t\t<\/div>\n\t\t\t\t<\/div>\n\t\t\t\t<div class=\"elementor-element elementor-element-47e90085 elementor-widget elementor-widget-heading\" data-id=\"47e90085\" data-element_type=\"widget\" data-widget_type=\"heading.default\">\n\t\t\t\t<div class=\"elementor-widget-container\">\n\t\t\t<span class=\"elementor-heading-title elementor-size-default\"> ROOMS OF PATROCINIO <\/span>\t\t<\/div>\n\t\t\t\t<\/div>\n\t\t\t\t\t\t<\/div>\n\t\t\t\t\t<\/div>\n\t\t<\/div>\n\t\t\t\t<div class=\"elementor-column elementor-col-33 elementor-top-column elementor-element elementor-element-2a634d0f home_blocks_link\" data-id=\"2a634d0f\" data-element_type=\"column\" data-settings=\"{&quot;background_background&quot;:&quot;classic&quot;}\">\n\t\t\t<div class=\"elementor-column-wrap elementor-element-populated\">\n\t\t\t\t\t<div class=\"elementor-background-overlay\"><\/div>\n\t\t\t\t\t\t\t<div class=\"elementor-widget-wrap\">\n\t\t\t\t\t\t<div class=\"elementor-element elementor-element-1a571cb7 elementor-widget elementor-widget-heading\" data-id=\"1a571cb7\" data-element_type=\"widget\" data-widget_type=\"heading.default\">\n\t\t\t\t<div class=\"elementor-widget-container\">\n\t\t\t<h2 class=\"elementor-heading-title elementor-size-default\"><a href=\"\/tours-y-plantaciones\">Tours and plantations <\/a><\/h2>\t\t<\/div>\n\t\t\t\t<\/div>\n\t\t\t\t<div class=\"elementor-element elementor-element-40513d77 elementor-widget elementor-widget-heading\" data-id=\"40513d77\" data-element_type=\"widget\" data-widget_type=\"heading.default\">\n\t\t\t\t<div class=\"elementor-widget-container\">\n\t\t\t<span class=\"elementor-heading-title elementor-size-default\">Tours and adventures in Patrocinio Reserve<\/span>\t\t<\/div>\n\t\t\t\t<\/div>\n\t\t\t\t\t\t<\/div>\n\t\t\t\t\t<\/div>\n\t\t<\/div>\n\t\t\t\t<div class=\"elementor-column elementor-col-33 elementor-top-column elementor-element elementor-element-1cbe86af home_blocks_link\" data-id=\"1cbe86af\" data-element_type=\"column\" data-settings=\"{&quot;background_background&quot;:&quot;classic&quot;}\">\n\t\t\t<div class=\"elementor-column-wrap elementor-element-populated\">\n\t\t\t\t\t<div class=\"elementor-background-overlay\"><\/div>\n\t\t\t\t\t\t\t<div class=\"elementor-widget-wrap\">\n\t\t\t\t\t\t<div class=\"elementor-element elementor-element-56ca08ca elementor-widget elementor-widget-heading\" data-id=\"56ca08ca\" data-element_type=\"widget\" data-widget_type=\"heading.default\">\n\t\t\t\t<div class=\"elementor-widget-container\">\n\t\t\t<h2 class=\"elementor-heading-title elementor-size-default\"><a href=\"\/cafeteria-el-mirador-y-cafe-de-patrocinio\">Traditional cuisine of Guatemala<\/a><\/h2>\t\t<\/div>\n\t\t\t\t<\/div>\n\t\t\t\t<div class=\"elementor-element elementor-element-3236acee elementor-widget elementor-widget-heading\" data-id=\"3236acee\" data-element_type=\"widget\" data-widget_type=\"heading.default\">\n\t\t\t\t<div class=\"elementor-widget-container\">\n\t\t\t<span class=\"elementor-heading-title elementor-size-default\">Cafeteria El Mirador and Caf\u00e9 de Patrocinio<\/span>\t\t<\/div>\n\t\t\t\t<\/div>\n\t\t\t\t\t\t<\/div>\n\t\t\t\t\t<\/div>\n\t\t<\/div>\n\t\t\t\t\t\t\t\t<\/div>\n\t\t\t\t\t<\/div>\n\t\t<\/section>\n\t\t\t\t\t\t<\/div>\n\t\t\t\t\t\t<\/div>\n\t\t\t\t\t<\/div>","protected":false},"excerpt":{"rendered":"<p>Bienvenidos a un mundo m\u00e1gico Retalhuleu se est\u00e1 convirtiendo en uno de los destinos m\u00e1s solicitados\u00a0de viaje en el pa\u00eds de Guatemala. Tiene todo lo que un destino tur\u00edstico emergente requiere: un equilibrio perfecto entre sitios de patrimonio natural y [&hellip;]<\/p>","protected":false},"author":1,"featured_media":1824,"parent":0,"menu_order":0,"comment_status":"closed","ping_status":"closed","template":"","meta":{"_joinchat":[]},"yoast_head":"<!-- This site is optimized with the Yoast SEO plugin v21.0 - https:\/\/yoast.com\/wordpress\/plugins\/seo\/ -->\n<title>\u00bfQu\u00e9 m\u00e1s hacer en los alrededores de patrocinio? - .:: Reserva Patrocionio::.<\/title>\n<meta name=\"robots\" content=\"index, follow, max-snippet:-1, max-image-preview:large, max-video-preview:-1\" \/>\n<link rel=\"canonical\" href=\"https:\/\/reservapatrocinio.com\/en_us\/que-mas-hacer-en-los-alrededores-de-patrocinio\/\" \/>\n<meta property=\"og:locale\" content=\"en_US\" \/>\n<meta property=\"og:type\" content=\"article\" \/>\n<meta property=\"og:title\" content=\"\u00bfQu\u00e9 m\u00e1s hacer en los alrededores de patrocinio? - .:: Reserva Patrocionio::.\" \/>\n<meta property=\"og:description\" content=\"Bienvenidos a un mundo m\u00e1gico Retalhuleu se est\u00e1 convirtiendo en uno de los destinos m\u00e1s solicitados\u00a0de viaje en el pa\u00eds de Guatemala. Tiene todo lo que un destino tur\u00edstico emergente requiere: un equilibrio perfecto entre sitios de patrimonio natural y [&hellip;]\" \/>\n<meta property=\"og:url\" content=\"https:\/\/reservapatrocinio.com\/en_us\/que-mas-hacer-en-los-alrededores-de-patrocinio\/\" \/>\n<meta property=\"og:site_name\" content=\".:: Reserva Patrocionio::.\" \/>\n<meta property=\"article:publisher\" content=\"https:\/\/www.facebook.com\/pages\/Reserva-Natural-Patrocinio\/273038459530904\" \/>\n<meta property=\"article:modified_time\" content=\"2019-09-05T06:13:01+00:00\" \/>\n<meta property=\"og:image\" content=\"https:\/\/reservapatrocinio.com\/wp-content\/uploads\/2019\/08\/quehacer3.jpg\" \/>\n\t<meta property=\"og:image:width\" content=\"1600\" \/>\n\t<meta property=\"og:image:height\" content=\"600\" \/>\n\t<meta property=\"og:image:type\" content=\"image\/jpeg\" \/>\n<meta name=\"twitter:card\" content=\"summary_large_image\" \/>\n<meta name=\"twitter:label1\" content=\"Est. reading time\" \/>\n\t<meta name=\"twitter:data1\" content=\"1 minute\" \/>\n<script type=\"application\/ld+json\" class=\"yoast-schema-graph\">{\"@context\":\"https:\/\/schema.org\",\"@graph\":[{\"@type\":\"WebPage\",\"@id\":\"https:\/\/reservapatrocinio.com\/que-mas-hacer-en-los-alrededores-de-patrocinio\/\",\"url\":\"https:\/\/reservapatrocinio.com\/que-mas-hacer-en-los-alrededores-de-patrocinio\/\",\"name\":\"\u00bfQu\u00e9 m\u00e1s hacer en los alrededores de patrocinio? - .:: Reserva Patrocionio::.\",\"isPartOf\":{\"@id\":\"https:\/\/reservapatrocinio.com\/#website\"},\"datePublished\":\"2019-08-29T00:29:21+00:00\",\"dateModified\":\"2019-09-05T06:13:01+00:00\",\"breadcrumb\":{\"@id\":\"https:\/\/reservapatrocinio.com\/que-mas-hacer-en-los-alrededores-de-patrocinio\/#breadcrumb\"},\"inLanguage\":\"en-US\",\"potentialAction\":[{\"@type\":\"ReadAction\",\"target\":[\"https:\/\/reservapatrocinio.com\/que-mas-hacer-en-los-alrededores-de-patrocinio\/\"]}]},{\"@type\":\"BreadcrumbList\",\"@id\":\"https:\/\/reservapatrocinio.com\/que-mas-hacer-en-los-alrededores-de-patrocinio\/#breadcrumb\",\"itemListElement\":[{\"@type\":\"ListItem\",\"position\":1,\"name\":\"Portada\",\"item\":\"https:\/\/reservapatrocinio.com\/\"},{\"@type\":\"ListItem\",\"position\":2,\"name\":\"\u00bfQu\u00e9 m\u00e1s hacer en los alrededores de patrocinio?\"}]},{\"@type\":\"WebSite\",\"@id\":\"https:\/\/reservapatrocinio.com\/#website\",\"url\":\"https:\/\/reservapatrocinio.com\/\",\"name\":\".:: Reserva Patrocionio::.\",\"description\":\".:: Reserva Natural Hospedaje ::.\",\"publisher\":{\"@id\":\"https:\/\/reservapatrocinio.com\/#organization\"},\"potentialAction\":[{\"@type\":\"SearchAction\",\"target\":{\"@type\":\"EntryPoint\",\"urlTemplate\":\"https:\/\/reservapatrocinio.com\/?s={search_term_string}\"},\"query-input\":\"required name=search_term_string\"}],\"inLanguage\":\"en-US\"},{\"@type\":\"Organization\",\"@id\":\"https:\/\/reservapatrocinio.com\/#organization\",\"name\":\"Reserva natural Patrocionio\",\"url\":\"https:\/\/reservapatrocinio.com\/\",\"logo\":{\"@type\":\"ImageObject\",\"inLanguage\":\"en-US\",\"@id\":\"https:\/\/reservapatrocinio.com\/#\/schema\/logo\/image\/\",\"url\":\"https:\/\/reservapatrocinio.com\/wp-content\/uploads\/2019\/09\/logo.png\",\"contentUrl\":\"https:\/\/reservapatrocinio.com\/wp-content\/uploads\/2019\/09\/logo.png\",\"width\":559,\"height\":236,\"caption\":\"Reserva natural Patrocionio\"},\"image\":{\"@id\":\"https:\/\/reservapatrocinio.com\/#\/schema\/logo\/image\/\"},\"sameAs\":[\"https:\/\/www.facebook.com\/pages\/Reserva-Natural-Patrocinio\/273038459530904\",\"https:\/\/www.instagram.com\/explore\/locations\/1027334485\/reserva-natural-patrocinio\/\"]}]}<\/script>\n<!-- \/ Yoast SEO plugin. -->","yoast_head_json":{"title":"\u00bfQu\u00e9 m\u00e1s hacer en los alrededores de patrocinio? - .:: Reserva Patrocionio::.","robots":{"index":"index","follow":"follow","max-snippet":"max-snippet:-1","max-image-preview":"max-image-preview:large","max-video-preview":"max-video-preview:-1"},"canonical":"https:\/\/reservapatrocinio.com\/en_us\/que-mas-hacer-en-los-alrededores-de-patrocinio\/","og_locale":"en_US","og_type":"article","og_title":"\u00bfQu\u00e9 m\u00e1s hacer en los alrededores de patrocinio? - .:: Reserva Patrocionio::.","og_description":"Bienvenidos a un mundo m\u00e1gico Retalhuleu se est\u00e1 convirtiendo en uno de los destinos m\u00e1s solicitados\u00a0de viaje en el pa\u00eds de Guatemala. Tiene todo lo que un destino tur\u00edstico emergente requiere: un equilibrio perfecto entre sitios de patrimonio natural y [&hellip;]","og_url":"https:\/\/reservapatrocinio.com\/en_us\/que-mas-hacer-en-los-alrededores-de-patrocinio\/","og_site_name":".:: Reserva Patrocionio::.","article_publisher":"https:\/\/www.facebook.com\/pages\/Reserva-Natural-Patrocinio\/273038459530904","article_modified_time":"2019-09-05T06:13:01+00:00","og_image":[{"width":1600,"height":600,"url":"https:\/\/reservapatrocinio.com\/wp-content\/uploads\/2019\/08\/quehacer3.jpg","type":"image\/jpeg"}],"twitter_card":"summary_large_image","twitter_misc":{"Est. reading time":"1 minute"},"schema":{"@context":"https:\/\/schema.org","@graph":[{"@type":"WebPage","@id":"https:\/\/reservapatrocinio.com\/que-mas-hacer-en-los-alrededores-de-patrocinio\/","url":"https:\/\/reservapatrocinio.com\/que-mas-hacer-en-los-alrededores-de-patrocinio\/","name":"\u00bfQu\u00e9 m\u00e1s hacer en los alrededores de patrocinio? - .:: Reserva Patrocionio::.","isPartOf":{"@id":"https:\/\/reservapatrocinio.com\/#website"},"datePublished":"2019-08-29T00:29:21+00:00","dateModified":"2019-09-05T06:13:01+00:00","breadcrumb":{"@id":"https:\/\/reservapatrocinio.com\/que-mas-hacer-en-los-alrededores-de-patrocinio\/#breadcrumb"},"inLanguage":"en-US","potentialAction":[{"@type":"ReadAction","target":["https:\/\/reservapatrocinio.com\/que-mas-hacer-en-los-alrededores-de-patrocinio\/"]}]},{"@type":"BreadcrumbList","@id":"https:\/\/reservapatrocinio.com\/que-mas-hacer-en-los-alrededores-de-patrocinio\/#breadcrumb","itemListElement":[{"@type":"ListItem","position":1,"name":"Portada","item":"https:\/\/reservapatrocinio.com\/"},{"@type":"ListItem","position":2,"name":"\u00bfQu\u00e9 m\u00e1s hacer en los alrededores de patrocinio?"}]},{"@type":"WebSite","@id":"https:\/\/reservapatrocinio.com\/#website","url":"https:\/\/reservapatrocinio.com\/","name":".:: Reserva Patrocionio::.","description":".:: Reserva Natural Hospedaje ::.","publisher":{"@id":"https:\/\/reservapatrocinio.com\/#organization"},"potentialAction":[{"@type":"SearchAction","target":{"@type":"EntryPoint","urlTemplate":"https:\/\/reservapatrocinio.com\/?s={search_term_string}"},"query-input":"required name=search_term_string"}],"inLanguage":"en-US"},{"@type":"Organization","@id":"https:\/\/reservapatrocinio.com\/#organization","name":"Reserva natural Patrocionio","url":"https:\/\/reservapatrocinio.com\/","logo":{"@type":"ImageObject","inLanguage":"en-US","@id":"https:\/\/reservapatrocinio.com\/#\/schema\/logo\/image\/","url":"https:\/\/reservapatrocinio.com\/wp-content\/uploads\/2019\/09\/logo.png","contentUrl":"https:\/\/reservapatrocinio.com\/wp-content\/uploads\/2019\/09\/logo.png","width":559,"height":236,"caption":"Reserva natural Patrocionio"},"image":{"@id":"https:\/\/reservapatrocinio.com\/#\/schema\/logo\/image\/"},"sameAs":["https:\/\/www.facebook.com\/pages\/Reserva-Natural-Patrocinio\/273038459530904","https:\/\/www.instagram.com\/explore\/locations\/1027334485\/reserva-natural-patrocinio\/"]}]}},"_links":{"self":[{"href":"https:\/\/reservapatrocinio.com\/en_us\/wp-json\/wp\/v2\/pages\/1817"}],"collection":[{"href":"https:\/\/reservapatrocinio.com\/en_us\/wp-json\/wp\/v2\/pages"}],"about":[{"href":"https:\/\/reservapatrocinio.com\/en_us\/wp-json\/wp\/v2\/types\/page"}],"author":[{"embeddable":true,"href":"https:\/\/reservapatrocinio.com\/en_us\/wp-json\/wp\/v2\/users\/1"}],"replies":[{"embeddable":true,"href":"https:\/\/reservapatrocinio.com\/en_us\/wp-json\/wp\/v2\/comments?post=1817"}],"version-history":[{"count":10,"href":"https:\/\/reservapatrocinio.com\/en_us\/wp-json\/wp\/v2\/pages\/1817\/revisions"}],"predecessor-version":[{"id":2458,"href":"https:\/\/reservapatrocinio.com\/en_us\/wp-json\/wp\/v2\/pages\/1817\/revisions\/2458"}],"wp:featuredmedia":[{"embeddable":true,"href":"https:\/\/reservapatrocinio.com\/en_us\/wp-json\/wp\/v2\/media\/1824"}],"wp:attachment":[{"href":"https:\/\/reservapatrocinio.com\/en_us\/wp-json\/wp\/v2\/media?parent=1817"}],"curies":[{"name":"wp","href":"https:\/\/api.w.org\/{rel}","templated":true}]}}