{"id":1804,"date":"2019-08-28T23:12:07","date_gmt":"2019-08-28T23:12:07","guid":{"rendered":"http:reservapatrocinio.com\/?page_id=1804"},"modified":"2021-06-22T16:28:14","modified_gmt":"2021-06-22T16:28:14","slug":"como-llegar-a-patrocinio","status":"publish","type":"page","link":"https:\/\/reservapatrocinio.com\/en_us\/como-llegar-a-patrocinio\/","title":{"rendered":"How to get to Patrocinio?"},"content":{"rendered":"<div data-elementor-type=\"wp-post\" data-elementor-id=\"1804\" class=\"elementor elementor-1804\" data-elementor-settings=\"[]\">\n\t\t\t\t\t\t<div class=\"elementor-inner\">\n\t\t\t\t\t\t\t<div class=\"elementor-section-wrap\">\n\t\t\t\t\t\t\t<section class=\"elementor-section elementor-top-section elementor-element elementor-element-327f6c6 elementor-section-boxed elementor-section-height-default elementor-section-height-default\" data-id=\"327f6c6\" data-element_type=\"section\">\n\t\t\t\t\t\t<div class=\"elementor-container elementor-column-gap-default\">\n\t\t\t\t\t\t\t<div class=\"elementor-row\">\n\t\t\t\t\t<div class=\"elementor-column elementor-col-50 elementor-top-column elementor-element elementor-element-37ffb07\" data-id=\"37ffb07\" data-element_type=\"column\">\n\t\t\t<div class=\"elementor-column-wrap elementor-element-populated\">\n\t\t\t\t\t\t\t<div class=\"elementor-widget-wrap\">\n\t\t\t\t\t\t<div class=\"elementor-element elementor-element-975e951 elementor-widget elementor-widget-heading\" data-id=\"975e951\" data-element_type=\"widget\" data-widget_type=\"heading.default\">\n\t\t\t\t<div class=\"elementor-widget-container\">\n\t\t\t<h2 class=\"elementor-heading-title elementor-size-default\"><h2>Welcome to nature paradise<\/h2><\/h2>\t\t<\/div>\n\t\t\t\t<\/div>\n\t\t\t\t<div class=\"elementor-element elementor-element-5703b69 elementor-widget elementor-widget-text-editor\" data-id=\"5703b69\" data-element_type=\"widget\" data-widget_type=\"text-editor.default\">\n\t\t\t\t<div class=\"elementor-widget-container\">\n\t\t\t\t\t\t\t\t<div class=\"elementor-text-editor elementor-clearfix\">\n\t\t\t\t\t<p>Patrocinio natural reserve is located in the region known as Palajunoj in the municipality of El Palmar, Quetzaltenango (its only access is through Retalhuleu department). Coming from Guatemala City by the Pacific International Highway (CA - 2) until you reach the Retalhuleu crossing called Cuatro Caminos, where there is a walkway just a few meters after a Coca Cola Fabric<\/p><p>Al llegar al cruce llamado Cuatro Caminos Retalhuleu, se debe girar a la derecha dirigi\u00e9ndose hacia la aldea San Luis para continuar hacia aldea San Marcos Palajunoj, debes de tomar como punto de referencia el Hotel Siboney. Despu\u00e9s de conducir durante aproximadamente 7.5 kil\u00f3metros de carretera asfaltada llegar\u00e1 a una bifurcaci\u00f3n, continuar derecho 2 kil\u00f3metros m\u00e1s hasta encontrar letrero tur\u00edstico de Inguat de Reserva Natural Patrocinio para luego girar a la derecha y seguir por nuestro camino privado de terracer\u00eda de aproximadamente 4.5 kil\u00f3metros el cual est\u00e1 se\u00f1alizado con piedras pintadas que te gu\u00edan hasta llegar la Reserva.<\/p><p>.<\/p>\t\t\t\t\t<\/div>\n\t\t\t\t\t\t<\/div>\n\t\t\t\t<\/div>\n\t\t\t\t\t\t<\/div>\n\t\t\t\t\t<\/div>\n\t\t<\/div>\n\t\t\t\t<div class=\"elementor-column elementor-col-50 elementor-top-column elementor-element elementor-element-8777c51\" data-id=\"8777c51\" data-element_type=\"column\">\n\t\t\t<div class=\"elementor-column-wrap elementor-element-populated\">\n\t\t\t\t\t\t\t<div class=\"elementor-widget-wrap\">\n\t\t\t\t\t\t<div class=\"elementor-element elementor-element-75017d9 elementor-widget elementor-widget-heading\" data-id=\"75017d9\" data-element_type=\"widget\" data-widget_type=\"heading.default\">\n\t\t\t\t<div class=\"elementor-widget-container\">\n\t\t\t<h2 class=\"elementor-heading-title elementor-size-default\"><h2>Frequently asked questions on how to get there<\/h2><\/h2>\t\t<\/div>\n\t\t\t\t<\/div>\n\t\t\t\t<div class=\"elementor-element elementor-element-99d47bf elementor-widget elementor-widget-text-editor\" data-id=\"99d47bf\" data-element_type=\"widget\" data-widget_type=\"text-editor.default\">\n\t\t\t\t<div class=\"elementor-widget-container\">\n\t\t\t\t\t\t\t\t<div class=\"elementor-text-editor elementor-clearfix\">\n\t\t\t\t\t<ul>\n<li><strong>\u00bf<\/strong><strong>Type of vehicle?<\/strong><br>&nbsp;You can enter in any kind of vehicle like cars, motorcicles, cicles. You don\u00b4t need to have a 4X4 car, we only recommend not to take a sports car because of the road that is not asphalt .<\/li>\n<li><strong>What kink of route should I expect?<\/strong> <br>&nbsp;La ruta es asfaltada, de los 14.5 kil\u00f3metros de recorrido, 10 kil\u00f3metros son asfaltados. Se pasa primero por aldea San Luis para luego seguir 4.5 km de terracer\u00eda en donde pasar\u00e1s po fincas privadas con diferentes cultivos (ca\u00f1a de az\u00facar, hule, caf\u00e9 etc.)<\/li>\n<li><strong>Approximate time after the crossing Cuatro Camino to reach the reserve? <\/strong><br>After the crossing of Cuatro Caminos Retalhuleu, it may take you approximately 30 to 40 minutes to arrive<\/li>\n<li><strong>Do you offer private transportation in case we don\u00b4t have a car?<\/strong><br>Yes, we do offer private transportation available for groups of maximun 4 persons, in case you need more information yo can contact us through whatsapp bottom or call to 5475-1250. Price for the private transportation $35.00 USD<\/li>\n<li><strong>Assistence phones<\/strong><br><strong>Sergio V\u00e1squez: +50259033603 \u00f3 +50242165934<\/strong><strong><br>Assistance to tourists ASISTUR: 1510<\/strong><\/li><\/ul>\t\t\t\t\t<\/div>\n\t\t\t\t\t\t<\/div>\n\t\t\t\t<\/div>\n\t\t\t\t\t\t<\/div>\n\t\t\t\t\t<\/div>\n\t\t<\/div>\n\t\t\t\t\t\t\t\t<\/div>\n\t\t\t\t\t<\/div>\n\t\t<\/section>\n\t\t\t\t<section class=\"elementor-section elementor-top-section elementor-element elementor-element-76c0e6e elementor-section-boxed elementor-section-height-default elementor-section-height-default\" data-id=\"76c0e6e\" data-element_type=\"section\">\n\t\t\t\t\t\t<div class=\"elementor-container elementor-column-gap-default\">\n\t\t\t\t\t\t\t<div class=\"elementor-row\">\n\t\t\t\t\t<div class=\"elementor-column elementor-col-100 elementor-top-column elementor-element elementor-element-0e9c120\" data-id=\"0e9c120\" data-element_type=\"column\">\n\t\t\t<div class=\"elementor-column-wrap elementor-element-populated\">\n\t\t\t\t\t\t\t<div class=\"elementor-widget-wrap\">\n\t\t\t\t\t\t<div class=\"elementor-element elementor-element-650ed86 elementor-widget elementor-widget-html\" data-id=\"650ed86\" data-element_type=\"widget\" data-widget_type=\"html.default\">\n\t\t\t\t<div class=\"elementor-widget-container\">\n\t\t\t<iframe loading=\"lazy\" src=\"https:\/\/embed.waze.com\/iframe?zoom=13&amp;lat=14.6665523&amp;lon=-91.6086378&amp;pin=1\" width=\"100%\" height=\"320\"><\/iframe>\t\t<\/div>\n\t\t\t\t<\/div>\n\t\t\t\t\t\t<\/div>\n\t\t\t\t\t<\/div>\n\t\t<\/div>\n\t\t\t\t\t\t\t\t<\/div>\n\t\t\t\t\t<\/div>\n\t\t<\/section>\n\t\t\t\t<section class=\"elementor-section elementor-top-section elementor-element elementor-element-6b177ad elementor-section-stretched elementor-section-full_width elementor-section-height-default elementor-section-height-default\" data-id=\"6b177ad\" data-element_type=\"section\" data-settings=\"{&quot;stretch_section&quot;:&quot;section-stretched&quot;}\">\n\t\t\t\t\t\t<div class=\"elementor-container elementor-column-gap-default\">\n\t\t\t\t\t\t\t<div class=\"elementor-row\">\n\t\t\t\t\t<div class=\"elementor-column elementor-col-33 elementor-top-column elementor-element elementor-element-26980d2\" data-id=\"26980d2\" data-element_type=\"column\">\n\t\t\t<div class=\"elementor-column-wrap elementor-element-populated\">\n\t\t\t\t\t\t\t<div class=\"elementor-widget-wrap\">\n\t\t\t\t\t\t<div class=\"elementor-element elementor-element-e162a80 elementor-widget elementor-widget-text-editor\" data-id=\"e162a80\" data-element_type=\"widget\" data-widget_type=\"text-editor.default\">\n\t\t\t\t<div class=\"elementor-widget-container\">\n\t\t\t\t\t\t\t\t<div class=\"elementor-text-editor elementor-clearfix\">\n\t\t\t\t\t<h2 class=\"pane-title\" style=\"text-align: center;\"><span style=\"color: #008000;\">How to get?<\/span><\/h2>\t\t\t\t\t<\/div>\n\t\t\t\t\t\t<\/div>\n\t\t\t\t<\/div>\n\t\t\t\t<div class=\"elementor-element elementor-element-59d7111 elementor-widget elementor-widget-image\" data-id=\"59d7111\" data-element_type=\"widget\" data-widget_type=\"image.default\">\n\t\t\t\t<div class=\"elementor-widget-container\">\n\t\t\t\t\t\t\t\t<div class=\"elementor-image\">\n\t\t\t\t\t\t\t\t\t\t\t\t<img width=\"552\" height=\"391\" src=\"https:\/\/reservapatrocinio.com\/wp-content\/uploads\/2019\/08\/mapa1..png\" class=\"attachment-large size-large\" alt=\"\" decoding=\"async\" loading=\"lazy\" srcset=\"https:\/\/reservapatrocinio.com\/wp-content\/uploads\/2019\/08\/mapa1..png 552w, https:\/\/reservapatrocinio.com\/wp-content\/uploads\/2019\/08\/mapa1.-300x213.png 300w, https:\/\/reservapatrocinio.com\/wp-content\/uploads\/2019\/08\/mapa1.-440x312.png 440w\" sizes=\"(max-width: 552px) 100vw, 552px\" \/>\t\t\t\t\t\t\t\t\t\t\t\t\t\t<\/div>\n\t\t\t\t\t\t<\/div>\n\t\t\t\t<\/div>\n\t\t\t\t\t\t<\/div>\n\t\t\t\t\t<\/div>\n\t\t<\/div>\n\t\t\t\t<div class=\"elementor-column elementor-col-33 elementor-top-column elementor-element elementor-element-41bc2fb\" data-id=\"41bc2fb\" data-element_type=\"column\">\n\t\t\t<div class=\"elementor-column-wrap elementor-element-populated\">\n\t\t\t\t\t\t\t<div class=\"elementor-widget-wrap\">\n\t\t\t\t\t\t<div class=\"elementor-element elementor-element-c1c649b elementor-widget elementor-widget-text-editor\" data-id=\"c1c649b\" data-element_type=\"widget\" data-widget_type=\"text-editor.default\">\n\t\t\t\t<div class=\"elementor-widget-container\">\n\t\t\t\t\t\t\t\t<div class=\"elementor-text-editor elementor-clearfix\">\n\t\t\t\t\t<h2 style=\"text-align: center;\"><span style=\"color: #339966;\">Detailed map<\/span><\/h2>\t\t\t\t\t<\/div>\n\t\t\t\t\t\t<\/div>\n\t\t\t\t<\/div>\n\t\t\t\t<div class=\"elementor-element elementor-element-085ecbd elementor-widget elementor-widget-image\" data-id=\"085ecbd\" data-element_type=\"widget\" data-widget_type=\"image.default\">\n\t\t\t\t<div class=\"elementor-widget-container\">\n\t\t\t\t\t\t\t\t<div class=\"elementor-image\">\n\t\t\t\t\t\t\t\t\t\t\t\t<img width=\"552\" height=\"629\" src=\"https:\/\/reservapatrocinio.com\/wp-content\/uploads\/2019\/08\/mapa2.png\" class=\"attachment-large size-large\" alt=\"\" decoding=\"async\" loading=\"lazy\" srcset=\"https:\/\/reservapatrocinio.com\/wp-content\/uploads\/2019\/08\/mapa2.png 552w, https:\/\/reservapatrocinio.com\/wp-content\/uploads\/2019\/08\/mapa2-263x300.png 263w, https:\/\/reservapatrocinio.com\/wp-content\/uploads\/2019\/08\/mapa2-440x501.png 440w\" sizes=\"(max-width: 552px) 100vw, 552px\" \/>\t\t\t\t\t\t\t\t\t\t\t\t\t\t<\/div>\n\t\t\t\t\t\t<\/div>\n\t\t\t\t<\/div>\n\t\t\t\t\t\t<\/div>\n\t\t\t\t\t<\/div>\n\t\t<\/div>\n\t\t\t\t<div class=\"elementor-column elementor-col-33 elementor-top-column elementor-element elementor-element-86f4436\" data-id=\"86f4436\" data-element_type=\"column\">\n\t\t\t<div class=\"elementor-column-wrap elementor-element-populated\">\n\t\t\t\t\t\t\t<div class=\"elementor-widget-wrap\">\n\t\t\t\t\t\t<div class=\"elementor-element elementor-element-45614df elementor-widget elementor-widget-text-editor\" data-id=\"45614df\" data-element_type=\"widget\" data-widget_type=\"text-editor.default\">\n\t\t\t\t<div class=\"elementor-widget-container\">\n\t\t\t\t\t\t\t\t<div class=\"elementor-text-editor elementor-clearfix\">\n\t\t\t\t\t<h2 class=\"elementor-heading-title elementor-size-default elementor-inline-editing pen\" style=\"text-align: center;\" contenteditable=\"true\" data-elementor-setting-key=\"title\" data-pen-placeholder=\"Teclea aqu\u00ed...\"><span style=\"color: #008000;\">Location<\/span><\/h2>\t\t\t\t\t<\/div>\n\t\t\t\t\t\t<\/div>\n\t\t\t\t<\/div>\n\t\t\t\t<div class=\"elementor-element elementor-element-3c8925a elementor-widget elementor-widget-google_maps\" data-id=\"3c8925a\" data-element_type=\"widget\" data-widget_type=\"google_maps.default\">\n\t\t\t\t<div class=\"elementor-widget-container\">\n\t\t\t<div class=\"elementor-custom-embed\"><iframe frameborder=\"0\" scrolling=\"no\" marginheight=\"0\" marginwidth=\"0\" src=\"https:\/\/maps.google.com\/maps?q=reserva%20patrocinio&amp;t=m&amp;z=10&amp;output=embed&amp;iwloc=near\" title=\"reserva patrocinio\" aria-label=\"reserva patrocinio\"><\/iframe><\/div>\t\t<\/div>\n\t\t\t\t<\/div>\n\t\t\t\t\t\t<\/div>\n\t\t\t\t\t<\/div>\n\t\t<\/div>\n\t\t\t\t\t\t\t\t<\/div>\n\t\t\t\t\t<\/div>\n\t\t<\/section>\n\t\t\t\t\t\t<\/div>\n\t\t\t\t\t\t<\/div>\n\t\t\t\t\t<\/div>","protected":false},"excerpt":{"rendered":"<p>Bienvenidos a la naturaleza Reserva Natural Patrocinio se encuentra en la regi\u00f3n conocida como Palajunoj en el Municipio de El Palmar, Quetzaltenango (su \u00fanico acceso es por Retalhuleu). Viniendo de la Ciudad de Guatemala tomando la carretera internacional del Pac\u00edfico [&hellip;]<\/p>","protected":false},"author":1,"featured_media":1802,"parent":0,"menu_order":0,"comment_status":"closed","ping_status":"closed","template":"","meta":{"_joinchat":[]},"yoast_head":"<!-- This site is optimized with the Yoast SEO plugin v21.0 - https:\/\/yoast.com\/wordpress\/plugins\/seo\/ -->\n<title>\u00bfC\u00f3mo llegar a Patrocinio? - .:: Reserva Patrocionio::.<\/title>\n<meta name=\"robots\" content=\"index, follow, max-snippet:-1, max-image-preview:large, max-video-preview:-1\" \/>\n<link rel=\"canonical\" href=\"https:\/\/reservapatrocinio.com\/en_us\/como-llegar-a-patrocinio\/\" \/>\n<meta property=\"og:locale\" content=\"en_US\" \/>\n<meta property=\"og:type\" content=\"article\" \/>\n<meta property=\"og:title\" content=\"\u00bfC\u00f3mo llegar a Patrocinio? - .:: Reserva Patrocionio::.\" \/>\n<meta property=\"og:description\" content=\"Bienvenidos a la naturaleza Reserva Natural Patrocinio se encuentra en la regi\u00f3n conocida como Palajunoj en el Municipio de El Palmar, Quetzaltenango (su \u00fanico acceso es por Retalhuleu). Viniendo de la Ciudad de Guatemala tomando la carretera internacional del Pac\u00edfico [&hellip;]\" \/>\n<meta property=\"og:url\" content=\"https:\/\/reservapatrocinio.com\/en_us\/como-llegar-a-patrocinio\/\" \/>\n<meta property=\"og:site_name\" content=\".:: Reserva Patrocionio::.\" \/>\n<meta property=\"article:publisher\" content=\"https:\/\/www.facebook.com\/pages\/Reserva-Natural-Patrocinio\/273038459530904\" \/>\n<meta property=\"article:modified_time\" content=\"2021-06-22T16:28:14+00:00\" \/>\n<meta property=\"og:image\" content=\"https:\/\/reservapatrocinio.com\/wp-content\/uploads\/2019\/08\/don-bienvenidos-amigos.jpg\" \/>\n\t<meta property=\"og:image:width\" content=\"1600\" \/>\n\t<meta property=\"og:image:height\" content=\"600\" \/>\n\t<meta property=\"og:image:type\" content=\"image\/jpeg\" \/>\n<meta name=\"twitter:card\" content=\"summary_large_image\" \/>\n<meta name=\"twitter:label1\" content=\"Est. reading time\" \/>\n\t<meta name=\"twitter:data1\" content=\"2 minutes\" \/>\n<script type=\"application\/ld+json\" class=\"yoast-schema-graph\">{\"@context\":\"https:\/\/schema.org\",\"@graph\":[{\"@type\":\"WebPage\",\"@id\":\"https:\/\/reservapatrocinio.com\/como-llegar-a-patrocinio\/\",\"url\":\"https:\/\/reservapatrocinio.com\/como-llegar-a-patrocinio\/\",\"name\":\"\u00bfC\u00f3mo llegar a Patrocinio? - .:: Reserva Patrocionio::.\",\"isPartOf\":{\"@id\":\"https:\/\/reservapatrocinio.com\/#website\"},\"datePublished\":\"2019-08-28T23:12:07+00:00\",\"dateModified\":\"2021-06-22T16:28:14+00:00\",\"breadcrumb\":{\"@id\":\"https:\/\/reservapatrocinio.com\/como-llegar-a-patrocinio\/#breadcrumb\"},\"inLanguage\":\"en-US\",\"potentialAction\":[{\"@type\":\"ReadAction\",\"target\":[\"https:\/\/reservapatrocinio.com\/como-llegar-a-patrocinio\/\"]}]},{\"@type\":\"BreadcrumbList\",\"@id\":\"https:\/\/reservapatrocinio.com\/como-llegar-a-patrocinio\/#breadcrumb\",\"itemListElement\":[{\"@type\":\"ListItem\",\"position\":1,\"name\":\"Portada\",\"item\":\"https:\/\/reservapatrocinio.com\/\"},{\"@type\":\"ListItem\",\"position\":2,\"name\":\"\u00bfC\u00f3mo llegar a Patrocinio?\"}]},{\"@type\":\"WebSite\",\"@id\":\"https:\/\/reservapatrocinio.com\/#website\",\"url\":\"https:\/\/reservapatrocinio.com\/\",\"name\":\".:: Reserva Patrocionio::.\",\"description\":\".:: Reserva Natural Hospedaje ::.\",\"publisher\":{\"@id\":\"https:\/\/reservapatrocinio.com\/#organization\"},\"potentialAction\":[{\"@type\":\"SearchAction\",\"target\":{\"@type\":\"EntryPoint\",\"urlTemplate\":\"https:\/\/reservapatrocinio.com\/?s={search_term_string}\"},\"query-input\":\"required name=search_term_string\"}],\"inLanguage\":\"en-US\"},{\"@type\":\"Organization\",\"@id\":\"https:\/\/reservapatrocinio.com\/#organization\",\"name\":\"Reserva natural Patrocionio\",\"url\":\"https:\/\/reservapatrocinio.com\/\",\"logo\":{\"@type\":\"ImageObject\",\"inLanguage\":\"en-US\",\"@id\":\"https:\/\/reservapatrocinio.com\/#\/schema\/logo\/image\/\",\"url\":\"https:\/\/reservapatrocinio.com\/wp-content\/uploads\/2019\/09\/logo.png\",\"contentUrl\":\"https:\/\/reservapatrocinio.com\/wp-content\/uploads\/2019\/09\/logo.png\",\"width\":559,\"height\":236,\"caption\":\"Reserva natural Patrocionio\"},\"image\":{\"@id\":\"https:\/\/reservapatrocinio.com\/#\/schema\/logo\/image\/\"},\"sameAs\":[\"https:\/\/www.facebook.com\/pages\/Reserva-Natural-Patrocinio\/273038459530904\",\"https:\/\/www.instagram.com\/explore\/locations\/1027334485\/reserva-natural-patrocinio\/\"]}]}<\/script>\n<!-- \/ Yoast SEO plugin. -->","yoast_head_json":{"title":"\u00bfC\u00f3mo llegar a Patrocinio? - .:: Reserva Patrocionio::.","robots":{"index":"index","follow":"follow","max-snippet":"max-snippet:-1","max-image-preview":"max-image-preview:large","max-video-preview":"max-video-preview:-1"},"canonical":"https:\/\/reservapatrocinio.com\/en_us\/como-llegar-a-patrocinio\/","og_locale":"en_US","og_type":"article","og_title":"\u00bfC\u00f3mo llegar a Patrocinio? - .:: Reserva Patrocionio::.","og_description":"Bienvenidos a la naturaleza Reserva Natural Patrocinio se encuentra en la regi\u00f3n conocida como Palajunoj en el Municipio de El Palmar, Quetzaltenango (su \u00fanico acceso es por Retalhuleu). Viniendo de la Ciudad de Guatemala tomando la carretera internacional del Pac\u00edfico [&hellip;]","og_url":"https:\/\/reservapatrocinio.com\/en_us\/como-llegar-a-patrocinio\/","og_site_name":".:: Reserva Patrocionio::.","article_publisher":"https:\/\/www.facebook.com\/pages\/Reserva-Natural-Patrocinio\/273038459530904","article_modified_time":"2021-06-22T16:28:14+00:00","og_image":[{"width":1600,"height":600,"url":"https:\/\/reservapatrocinio.com\/wp-content\/uploads\/2019\/08\/don-bienvenidos-amigos.jpg","type":"image\/jpeg"}],"twitter_card":"summary_large_image","twitter_misc":{"Est. reading time":"2 minutes"},"schema":{"@context":"https:\/\/schema.org","@graph":[{"@type":"WebPage","@id":"https:\/\/reservapatrocinio.com\/como-llegar-a-patrocinio\/","url":"https:\/\/reservapatrocinio.com\/como-llegar-a-patrocinio\/","name":"\u00bfC\u00f3mo llegar a Patrocinio? - .:: Reserva Patrocionio::.","isPartOf":{"@id":"https:\/\/reservapatrocinio.com\/#website"},"datePublished":"2019-08-28T23:12:07+00:00","dateModified":"2021-06-22T16:28:14+00:00","breadcrumb":{"@id":"https:\/\/reservapatrocinio.com\/como-llegar-a-patrocinio\/#breadcrumb"},"inLanguage":"en-US","potentialAction":[{"@type":"ReadAction","target":["https:\/\/reservapatrocinio.com\/como-llegar-a-patrocinio\/"]}]},{"@type":"BreadcrumbList","@id":"https:\/\/reservapatrocinio.com\/como-llegar-a-patrocinio\/#breadcrumb","itemListElement":[{"@type":"ListItem","position":1,"name":"Portada","item":"https:\/\/reservapatrocinio.com\/"},{"@type":"ListItem","position":2,"name":"\u00bfC\u00f3mo llegar a Patrocinio?"}]},{"@type":"WebSite","@id":"https:\/\/reservapatrocinio.com\/#website","url":"https:\/\/reservapatrocinio.com\/","name":".:: Reserva Patrocionio::.","description":".:: Reserva Natural Hospedaje ::.","publisher":{"@id":"https:\/\/reservapatrocinio.com\/#organization"},"potentialAction":[{"@type":"SearchAction","target":{"@type":"EntryPoint","urlTemplate":"https:\/\/reservapatrocinio.com\/?s={search_term_string}"},"query-input":"required name=search_term_string"}],"inLanguage":"en-US"},{"@type":"Organization","@id":"https:\/\/reservapatrocinio.com\/#organization","name":"Reserva natural Patrocionio","url":"https:\/\/reservapatrocinio.com\/","logo":{"@type":"ImageObject","inLanguage":"en-US","@id":"https:\/\/reservapatrocinio.com\/#\/schema\/logo\/image\/","url":"https:\/\/reservapatrocinio.com\/wp-content\/uploads\/2019\/09\/logo.png","contentUrl":"https:\/\/reservapatrocinio.com\/wp-content\/uploads\/2019\/09\/logo.png","width":559,"height":236,"caption":"Reserva natural Patrocionio"},"image":{"@id":"https:\/\/reservapatrocinio.com\/#\/schema\/logo\/image\/"},"sameAs":["https:\/\/www.facebook.com\/pages\/Reserva-Natural-Patrocinio\/273038459530904","https:\/\/www.instagram.com\/explore\/locations\/1027334485\/reserva-natural-patrocinio\/"]}]}},"_links":{"self":[{"href":"https:\/\/reservapatrocinio.com\/en_us\/wp-json\/wp\/v2\/pages\/1804"}],"collection":[{"href":"https:\/\/reservapatrocinio.com\/en_us\/wp-json\/wp\/v2\/pages"}],"about":[{"href":"https:\/\/reservapatrocinio.com\/en_us\/wp-json\/wp\/v2\/types\/page"}],"author":[{"embeddable":true,"href":"https:\/\/reservapatrocinio.com\/en_us\/wp-json\/wp\/v2\/users\/1"}],"replies":[{"embeddable":true,"href":"https:\/\/reservapatrocinio.com\/en_us\/wp-json\/wp\/v2\/comments?post=1804"}],"version-history":[{"count":8,"href":"https:\/\/reservapatrocinio.com\/en_us\/wp-json\/wp\/v2\/pages\/1804\/revisions"}],"predecessor-version":[{"id":29669,"href":"https:\/\/reservapatrocinio.com\/en_us\/wp-json\/wp\/v2\/pages\/1804\/revisions\/29669"}],"wp:featuredmedia":[{"embeddable":true,"href":"https:\/\/reservapatrocinio.com\/en_us\/wp-json\/wp\/v2\/media\/1802"}],"wp:attachment":[{"href":"https:\/\/reservapatrocinio.com\/en_us\/wp-json\/wp\/v2\/media?parent=1804"}],"curies":[{"name":"wp","href":"https:\/\/api.w.org\/{rel}","templated":true}]}}